{"id":2640,"date":"2014-11-27T00:25:38","date_gmt":"2014-11-26T23:25:38","guid":{"rendered":"http:\/\/szulokhaza.hu\/ujbuda\/?page_id=2640"},"modified":"2015-08-17T07:06:58","modified_gmt":"2015-08-17T07:06:58","slug":"regos-modszer","status":"publish","type":"page","link":"https:\/\/szulokhaza.hu\/erd\/rolunk\/regos-modszer\/","title":{"rendered":"Reg\u0151s m\u00f3dszer"},"content":{"rendered":"<p>A Reg\u0151s-m\u00f3dszer c\u00e9lja<\/p>\n<p>A Reg\u0151s-m\u00f3dszer c\u00e9lja a sz\u00fcl\u0151i kompetencia indirekt fejleszt\u00e9se, magabiztosabb sz\u00fcl\u0151k \u00e9s kiegyens\u00falyozottabb gyerekek \u201el\u00e9trehoz\u00e1sa\u201d a k\u00f6z\u00f6ss\u00e9gben rejl\u0151 er\u0151forr\u00e1sok mozg\u00f3s\u00edt\u00e1s\u00e1val, a nagycsal\u00e1dos \u00e9lm\u00e9ny megad\u00e1s\u00e1val, ellen\u0151rz\u00f6tt szakmai keretek k\u00f6z\u00f6tt. A Reg\u0151s-m\u00f3dszer r\u00e9sze, hogy \u00f6sszekapcsolja a k\u00fcl\u00f6nb\u00f6z\u0151 t\u00e1rsadalmi r\u00e9tegeket \u00e9s az elt\u00e9r\u0151 mint\u00e1kat annak \u00e9rdek\u00e9ben, hogy az ebb\u0151l fakad\u00f3 tapasztalatokat pozit\u00edvan felhaszn\u00e1lva seg\u00edtse a fejl\u0151d\u00e9st.<\/p>\n<p>&nbsp;<\/p>\n<p>A Reg\u0151s-m\u00f3dszer eszk\u00f6zei<\/p>\n<ul>\n<li>seg\u00edt\u0151 besz\u00e9lget\u00e9sek direkt (pszichol\u00f3gussal, csal\u00e1di tan\u00e1csad\u00f3val) \u00e9s indirekt form\u00e1ban (a j\u00e1tsz\u00f3h\u00e1zban a Reg\u0151s-m\u00f3dszerrel kik\u00e9pzett pedag\u00f3gusok seg\u00edtik k\u00f6tetlen besz\u00e9lget\u00e9sekkel a sz\u00fcl\u0151t vagy a gyereket foglalkoztat\u00f3 aktu\u00e1lis probl\u00e9m\u00e1k megold\u00e1s\u00e1t)<\/li>\n<li>kultur\u00e1lis programok (Dalj\u00e1tsz\u00f3h\u00e1z, <a href=\"http:\/\/szulokhaza.hu\/ujbuda\/jatszohaz\/szorp-szinhaz-5-felvonas\/\">Bodza Sz\u00f6rp Sz\u00ednh\u00e1z<\/a>,<a href=\"http:\/\/szulokhaza.hu\/ujbuda\/jatszohaz\/szorp-szinhaz-5-felvonas\/\"> M\u00e1lna Sz\u00f6rp sz\u00ednh\u00e1z<\/a>, <a href=\"http:\/\/szulokhaza.hu\/ujbuda\/jatszohaz\/keksz\/\">KEKSZ el\u0151ad\u00e1sok<\/a>)<\/li>\n<li>klubd\u00e9lut\u00e1nok<\/li>\n<li>el\u0151ad\u00e1sok (<a href=\"http:\/\/szulokhaza.hu\/ujbuda\/szuloknek\/golyavaro-estek\/\">G\u00f3lyav\u00e1r\u00f3 est\u00e9k<\/a>)<\/li>\n<li>rekre\u00e1ci\u00f3s programok (<a href=\"http:\/\/szulokhaza.hu\/ujbuda\/flabelos-a-szulok-hazaban\/\">Flabelos<\/a>, <a href=\"http:\/\/szulokhaza.hu\/ujbuda\/szuloknek\/masszazs-szerda-delelottonkent-a-szulok-hazaban\/\">massz\u00e1zs<\/a>)<\/li>\n<\/ul>\n<p>A fenti eszk\u00f6z\u00f6k mintegy \u00e9tlapk\u00e9nt szolg\u00e1lnak, amelyr\u0151l mindenki saj\u00e1t ig\u00e9nyei szerint v\u00e1logathat. Amennyiben van megoldatlan probl\u00e9m\u00e1d vagy foglalkoztat valamilyen t\u00e9ma \u00e9s nem tudod eld\u00f6nteni, hogy melyik eszk\u00f6z lenne a legmegfelel\u0151bb sz\u00e1modra, vedd fel vel\u00fcnk a kapcsolatot \u00e9s seg\u00edt\u00fcnk v\u00e1lasztani.<\/p>\n<p>Szeretn\u00e9l j\u00f6nni a Sz\u00fcl\u0151k H\u00e1z\u00e1ba, de nem tudod kifizetni? Erre is van megold\u00e1s! A R\u00e9szletek\u00e9rt h\u00edvd a 06 (1) 246-0880-as sz\u00e1mot vagy \u00edrj nek\u00fcnk a <a href=\"mailto:szulokhaza@szulokhaza.hu\">szulokhaza@szulokhaza.hu<\/a> e-mail c\u00edmre.<\/p>\n","protected":false},"excerpt":{"rendered":"<p>A Reg\u0151s-m\u00f3dszer c\u00e9lja A Reg\u0151s-m\u00f3dszer c\u00e9lja a sz\u00fcl\u0151i kompetencia indirekt fejleszt\u00e9se, magabiztosabb sz\u00fcl\u0151k \u00e9s kiegyens\u00falyozottabb gyerekek \u201el\u00e9trehoz\u00e1sa\u201d a k\u00f6z\u00f6ss\u00e9gben rejl\u0151 er\u0151forr\u00e1sok mozg\u00f3s\u00edt\u00e1s\u00e1val, a nagycsal\u00e1dos \u00e9lm\u00e9ny megad\u00e1s\u00e1val, ellen\u0151rz\u00f6tt szakmai keretek k\u00f6z\u00f6tt. A Reg\u0151s-m\u00f3dszer r\u00e9sze, hogy \u00f6sszekapcsolja a k\u00fcl\u00f6nb\u00f6z\u0151 t\u00e1rsadalmi r\u00e9tegeket \u00e9s az elt\u00e9r\u0151 mint\u00e1kat annak \u00e9rdek\u00e9ben, hogy az ebb\u0151l fakad\u00f3 tapasztalatokat pozit\u00edvan felhaszn\u00e1lva seg\u00edtse a fejl\u0151d\u00e9st. [&hellip;]<\/p>\n","protected":false},"author":1086,"featured_media":0,"parent":396,"menu_order":0,"comment_status":"closed","ping_status":"closed","template":"","meta":{"_seopress_robots_primary_cat":"","_seopress_titles_title":"","_seopress_titles_desc":"A reg\u0151s m\u00f3dszer, Reg\u0151s Judit \u00e9s a Sz\u00fcl\u0151k H\u00e1z\u00e1ban kifejlesztett gyermek \u00e9s sz\u00fcl\u0151 kiegyens\u00falyozott kapcsolat\u00e1t el\u0151seg\u00edt\u0151 m\u00f3dszer.","_seopress_robots_index":"","_et_pb_use_builder":"","_et_pb_old_content":"","_et_gb_content_width":"","footnotes":""},"class_list":["post-2640","page","type-page","status-publish","hentry"],"_links":{"self":[{"href":"https:\/\/szulokhaza.hu\/erd\/wp-json\/wp\/v2\/pages\/2640","targetHints":{"allow":["GET"]}}],"collection":[{"href":"https:\/\/szulokhaza.hu\/erd\/wp-json\/wp\/v2\/pages"}],"about":[{"href":"https:\/\/szulokhaza.hu\/erd\/wp-json\/wp\/v2\/types\/page"}],"author":[{"embeddable":true,"href":"https:\/\/szulokhaza.hu\/erd\/wp-json\/wp\/v2\/users\/1086"}],"replies":[{"embeddable":true,"href":"https:\/\/szulokhaza.hu\/erd\/wp-json\/wp\/v2\/comments?post=2640"}],"version-history":[{"count":0,"href":"https:\/\/szulokhaza.hu\/erd\/wp-json\/wp\/v2\/pages\/2640\/revisions"}],"up":[{"embeddable":true,"href":"https:\/\/szulokhaza.hu\/erd\/wp-json\/wp\/v2\/pages\/396"}],"wp:attachment":[{"href":"https:\/\/szulokhaza.hu\/erd\/wp-json\/wp\/v2\/media?parent=2640"}],"curies":[{"name":"wp","href":"https:\/\/api.w.org\/{rel}","templated":true}]}}