{"id":4063,"date":"2015-03-18T09:21:53","date_gmt":"2015-03-18T09:21:53","guid":{"rendered":"http:\/\/szulokhaza.hu\/erd\/?page_id=4063"},"modified":"2015-03-26T10:20:22","modified_gmt":"2015-03-26T10:20:22","slug":"sandor-jozsef-benedek","status":"publish","type":"page","link":"https:\/\/szulokhaza.hu\/erd\/sandor-jozsef-benedek\/","title":{"rendered":"S\u00e1ndor, J\u00f3zsef, Benedek"},"content":{"rendered":"<p><a href=\"http:\/\/szulokhaza.hu\/erd\/wp-content\/uploads\/2015\/03\/m\u00e1rc-18.jpg\"><img loading=\"lazy\" decoding=\"async\" class=\"  wp-image-4064 alignleft\" src=\"http:\/\/szulokhaza.hu\/erd\/wp-content\/uploads\/2015\/03\/m\u00e1rc-18.jpg\" alt=\"m\u00e1rc 18\" width=\"389\" height=\"259\" srcset=\"https:\/\/szulokhaza.hu\/erd\/wp-content\/uploads\/2015\/03\/m\u00e1rc-18.jpg 960w, https:\/\/szulokhaza.hu\/erd\/wp-content\/uploads\/2015\/03\/m\u00e1rc-18-300x200.jpg 300w, https:\/\/szulokhaza.hu\/erd\/wp-content\/uploads\/2015\/03\/m\u00e1rc-18-768x511.jpg 768w, https:\/\/szulokhaza.hu\/erd\/wp-content\/uploads\/2015\/03\/m\u00e1rc-18-20x13.jpg 20w\" sizes=\"(max-width: 389px) 100vw, 389px\" \/><\/a>S\u00e1ndor, J\u00f3zsef, Benedek<br \/>\nhozza m\u00e1r a meleget.<br \/>\nMindh\u00e1rmukon h\u00e1tizs\u00e1k<br \/>\nJ\u00f6nnek hegyen-v\u00f6lgy\u00f6n \u00e1t.<br \/>\nEl\u00f6l S\u00e1ndor billeg-ballag,<span class=\"text_exposed_show\"><br \/>\na nyom\u00e1ban J\u00f3zsef baktat.<br \/>\nH\u00e1tul szuszog Benedek \u2026<br \/>\nCipelik a meleget:<br \/>\nS\u00e1ndor viszi a mez\u0151re,<br \/>\nJ\u00f3zsef viszi az erd\u0151be.<br \/>\nA megmaradt meleget<br \/>\nt\u00f3ba sz\u00f3rja Benedek.<br \/>\n(Osv\u00e1t Erzs\u00e9bet)<\/span><\/p>\n","protected":false},"excerpt":{"rendered":"<p>S\u00e1ndor, J\u00f3zsef, Benedek hozza m\u00e1r a meleget. Mindh\u00e1rmukon h\u00e1tizs\u00e1k J\u00f6nnek hegyen-v\u00f6lgy\u00f6n \u00e1t. El\u00f6l S\u00e1ndor billeg-ballag, a nyom\u00e1ban J\u00f3zsef baktat. H\u00e1tul szuszog Benedek \u2026 Cipelik a meleget: S\u00e1ndor viszi a mez\u0151re, J\u00f3zsef viszi az erd\u0151be. A megmaradt meleget t\u00f3ba sz\u00f3rja Benedek. (Osv\u00e1t Erzs\u00e9bet)<\/p>\n","protected":false},"author":1510,"featured_media":0,"parent":0,"menu_order":0,"comment_status":"open","ping_status":"open","template":"","meta":{"_seopress_robots_primary_cat":"","_seopress_titles_title":"","_seopress_titles_desc":"","_seopress_robots_index":"","_et_pb_use_builder":"","_et_pb_old_content":"","_et_gb_content_width":"","footnotes":""},"class_list":["post-4063","page","type-page","status-publish","hentry"],"_links":{"self":[{"href":"https:\/\/szulokhaza.hu\/erd\/wp-json\/wp\/v2\/pages\/4063","targetHints":{"allow":["GET"]}}],"collection":[{"href":"https:\/\/szulokhaza.hu\/erd\/wp-json\/wp\/v2\/pages"}],"about":[{"href":"https:\/\/szulokhaza.hu\/erd\/wp-json\/wp\/v2\/types\/page"}],"author":[{"embeddable":true,"href":"https:\/\/szulokhaza.hu\/erd\/wp-json\/wp\/v2\/users\/1510"}],"replies":[{"embeddable":true,"href":"https:\/\/szulokhaza.hu\/erd\/wp-json\/wp\/v2\/comments?post=4063"}],"version-history":[{"count":0,"href":"https:\/\/szulokhaza.hu\/erd\/wp-json\/wp\/v2\/pages\/4063\/revisions"}],"wp:attachment":[{"href":"https:\/\/szulokhaza.hu\/erd\/wp-json\/wp\/v2\/media?parent=4063"}],"curies":[{"name":"wp","href":"https:\/\/api.w.org\/{rel}","templated":true}]}}