{"id":409,"date":"2012-09-17T16:21:55","date_gmt":"2012-09-17T14:21:55","guid":{"rendered":""},"modified":"2015-09-07T08:16:22","modified_gmt":"2015-09-07T08:16:22","slug":"tanacsadas","status":"publish","type":"page","link":"https:\/\/szulokhaza.hu\/erd\/szuloknek\/tanacsadas\/","title":{"rendered":"Tan\u00e1csad\u00e1s"},"content":{"rendered":"<p><a href=\"http:\/\/szulokhaza.hu\/erd\/wp-content\/uploads\/2012\/09\/happyfamily.jpg\"><img loading=\"lazy\" decoding=\"async\" class=\"size-medium wp-image-4512 alignleft\" src=\"http:\/\/szulokhaza.hu\/erd\/wp-content\/uploads\/2012\/09\/happyfamily-300x209.jpg\" alt=\"\" width=\"300\" height=\"209\" srcset=\"https:\/\/szulokhaza.hu\/erd\/wp-content\/uploads\/2012\/09\/happyfamily-300x209.jpg 300w, https:\/\/szulokhaza.hu\/erd\/wp-content\/uploads\/2012\/09\/happyfamily-20x14.jpg 20w, https:\/\/szulokhaza.hu\/erd\/wp-content\/uploads\/2012\/09\/happyfamily.jpg 587w\" sizes=\"(max-width: 300px) 100vw, 300px\" \/><\/a><\/p>\n<p>&nbsp;<\/p>\n<p>\u2013 Gyereknevel\u00e9si tan\u00e1csad\u00e1s<br \/>\n\u2013 Csal\u00e1di kr\u00edzis kezel\u00e9s<br \/>\n\u2013 \u00c9letvezet\u00e9si tan\u00e1csad\u00e1s<br \/>\n\u2013 Kapcsolati tan\u00e1csad\u00e1s<br \/>\n\u2013 Konfliktuskezel\u00e9s<\/p>\n<p>&nbsp;<\/p>\n<p>&nbsp;<\/p>\n<p>A gyereknevel\u00e9s nem megy mindig k\u00f6nnyen. Sokszor \u00e9rezz\u00fck azt, hogy valamit nem j\u00f3l csin\u00e1lunk, hogy t\u00fcrelmetlenek vagyunk, hogy elvesztj\u00fck a fonalat. Sz\u00fcl\u0151nek lenni nem mindig k\u00f6nny\u0171. Sokszor \u00e9rezz\u00fck azt, hogy nem tal\u00e1ljuk egym\u00e1shoz az utat, hogy nincs meg a k\u00f6z\u00f6s nevez\u0151. Csal\u00e1dd\u00e1 v\u00e1lni sem k\u00f6nny\u0171, sok munk\u00e1t \u00e9s olykor er\u0151fesz\u00edt\u00e9st ig\u00e9nyel, hogy a v\u00e9g\u00e9n megsz\u00fclessen a csal\u00e1d. Ebben seg\u00edtenek tan\u00e1csad\u00f3ink, Reg\u0151s Judit, a Sz\u00fcl\u0151k H\u00e1za alap\u00edt\u00f3ja, csal\u00e1di tan\u00e1csad\u00f3 \u00e9s Nem\u00e9nyi Eszter, pszichol\u00f3gus.<\/p>\n<p>El\u0151re egyeztetett id\u0151pontban!<\/p>\n<p>Tan\u00e1csad\u00e1s keret\u00e9ben sz\u00fcl\u0151i szerep-szuperv\u00edzi\u00f3t, csal\u00e1di coachingot biztos\u00edtunk, valamint csal\u00e1di auditot is v\u00e9gz\u00fcnk.<\/p>\n<p><strong>Mi az a sz\u00fcl\u0151i szerep-szuperv\u00edzi\u00f3?<\/strong><br \/>\nA szerep-szuperv\u00edzi\u00f3 l\u00e9nyege, hogy megn\u00e9zz\u00fck, hogy hol akadt el valaki egy probl\u00e9ma megold\u00e1s\u00e1ban, egy \u00e9lethelyzettel val\u00f3 szemben\u00e9z\u00e9sben. Ehhez megn\u00e9zz\u00fck, hogy szerep\u00e9ben (sz\u00fcl\u0151t\u00e1rs, anya, feles\u00e9g, munkat\u00e1rs, stb.) milyen eszk\u00f6z\u00f6kre lenne sz\u00fcks\u00e9ge. Ezeket mi\u00e9rt nem l\u00e1tja, mi\u00e9rt nem tal\u00e1lja? Ezekre keress\u00fck a v\u00e1laszt, legt\u00f6bbsz\u00f6r a gyermekkorban. Majd miut\u00e1n k\u00f6z\u00f6sen megtal\u00e1ltuk azt, az elakad\u00e1s okait, seg\u00edt\u00fcnk kidolgozni egy megold\u00e1si strat\u00e9gi\u00e1t, egy utat, ami a kliens sz\u00e1m\u00e1ra a legmegfelel\u0151bb.<\/p>\n<p><strong>Mi az a csal\u00e1di coaching?<\/strong><br \/>\nMindenki saj\u00e1t maga tudja, hogy mi a legmegfelel\u0151bb sz\u00e1m\u00e1ra, azt, hogy hogyan szeretn\u00e9 \u00e9lni a csal\u00e1di \u00e9let\u00e9t. M\u00e9gis az \u00faton sz\u00e1mos k\u00e9rd\u00e9s, k\u00e9ts\u00e9g, konfliktus mer\u00fcl fel. Mi abban seg\u00edt\u00fcnk, hogy ezeket a v\u00e1laszokat mindenki saj\u00e1t maga tal\u00e1lja meg, azzal, hogy mi lehet\u0151s\u00e9geket mutatunk fel. Tiszt\u00e1zzuk a cselekv\u00e9seket \u00e9s azok k\u00f6vetkezm\u00e9nyeit, az adott egy\u00e9nre, csal\u00e1dra vonatkoztatva. A coach magyar ford\u00edt\u00e1sban edz\u0151t jelent. Tulajdonk\u00e9ppen csal\u00e1di cochaink is szem\u00e9lyre szabott edz\u00e9stervet k\u00e9sz\u00edtenek a klienssel k\u00f6z\u00f6sen, majd rendelkez\u00e9sre \u00e1llnak, ha valaki elakad, vagy b\u00e1tor\u00edt\u00e1sra, terelget\u00e9sre szorul.<\/p>\n<p><strong>Mi az a csal\u00e1di audit?<\/strong><br \/>\nTeljes \u00e1llapotfelm\u00e9r\u00e9s \u00e9s csal\u00e1di \u00e9let\u00fat javaslat. T\u00f6bbl\u00e9p\u00e9ses besz\u00e9lget\u00e9ssorozat, amelynek sor\u00e1n Reg\u0151s Judit a csal\u00e1ddal egy\u00fctt azonos\u00edtja a probl\u00e9m\u00e1kat \u00e9s megkeresi a legmegfelel\u0151bb megold\u00e1st azok kik\u00fcsz\u00f6b\u00f6l\u00e9s\u00e9re.<\/p>\n<p>&nbsp;<\/p>\n<p><strong>Tan\u00e1csad\u00f3ink:<\/strong><\/p>\n<p><a href=\"http:\/\/szulokhaza.hu\/erd\/wp-content\/uploads\/2014\/10\/regos_judit.jpg\"><img loading=\"lazy\" decoding=\"async\" class=\"alignnone wp-image-2452\" src=\"http:\/\/szulokhaza.hu\/erd\/wp-content\/uploads\/2014\/10\/regos_judit-300x228.jpg\" alt=\"\" width=\"200\" height=\"152\" \/><\/a>Reg\u0151s Judit \u2013 szoci\u00e1lpolitikus, csal\u00e1di tan\u00e1csad\u00f3<\/p>\n<p>&nbsp;<\/p>\n<p><a href=\"http:\/\/szulokhaza.hu\/erd\/wp-content\/uploads\/nemenyi_eszter.jpg\"><img loading=\"lazy\" decoding=\"async\" class=\"wp-image-835 alignnone\" src=\"http:\/\/szulokhaza.hu\/erd\/wp-content\/uploads\/nemenyi_eszter.jpg\" alt=\"\" width=\"150\" height=\"199\" \/><\/a>Nem\u00e9nyi Eszter \u2013 pszichol\u00f3gus<\/p>\n<p>&nbsp;<\/p>\n<p>&nbsp;<\/p>\n<p>&nbsp;<\/p>\n<p>&nbsp;<\/p>\n<p>&nbsp;<\/p>\n<p>A tan\u00e1csad\u00e1s\/konzult\u00e1ci\u00f3 alatt j\u00e1tsz\u00f3h\u00e1zunkban gyermekeidre ingyen vigy\u00e1zunk!<\/p>\n","protected":false},"excerpt":{"rendered":"<p>&nbsp; \u2013 Gyereknevel\u00e9si tan\u00e1csad\u00e1s \u2013 Csal\u00e1di kr\u00edzis kezel\u00e9s \u2013 \u00c9letvezet\u00e9si tan\u00e1csad\u00e1s \u2013 Kapcsolati tan\u00e1csad\u00e1s \u2013 Konfliktuskezel\u00e9s &nbsp; &nbsp; A gyereknevel\u00e9s nem megy mindig k\u00f6nnyen. Sokszor \u00e9rezz\u00fck azt, hogy valamit nem j\u00f3l csin\u00e1lunk, hogy t\u00fcrelmetlenek vagyunk, hogy elvesztj\u00fck a fonalat. Sz\u00fcl\u0151nek lenni nem mindig k\u00f6nny\u0171. Sokszor \u00e9rezz\u00fck azt, hogy nem tal\u00e1ljuk egym\u00e1shoz az utat, hogy nincs [&hellip;]<\/p>\n","protected":false},"author":4,"featured_media":0,"parent":404,"menu_order":0,"comment_status":"closed","ping_status":"closed","template":"","meta":{"_seopress_robots_primary_cat":"","_seopress_titles_title":"","_seopress_titles_desc":"","_seopress_robots_index":"","_et_pb_use_builder":"","_et_pb_old_content":"","_et_gb_content_width":"","footnotes":""},"class_list":["post-409","page","type-page","status-publish","hentry"],"_links":{"self":[{"href":"https:\/\/szulokhaza.hu\/erd\/wp-json\/wp\/v2\/pages\/409","targetHints":{"allow":["GET"]}}],"collection":[{"href":"https:\/\/szulokhaza.hu\/erd\/wp-json\/wp\/v2\/pages"}],"about":[{"href":"https:\/\/szulokhaza.hu\/erd\/wp-json\/wp\/v2\/types\/page"}],"author":[{"embeddable":true,"href":"https:\/\/szulokhaza.hu\/erd\/wp-json\/wp\/v2\/users\/4"}],"replies":[{"embeddable":true,"href":"https:\/\/szulokhaza.hu\/erd\/wp-json\/wp\/v2\/comments?post=409"}],"version-history":[{"count":0,"href":"https:\/\/szulokhaza.hu\/erd\/wp-json\/wp\/v2\/pages\/409\/revisions"}],"up":[{"embeddable":true,"href":"https:\/\/szulokhaza.hu\/erd\/wp-json\/wp\/v2\/pages\/404"}],"wp:attachment":[{"href":"https:\/\/szulokhaza.hu\/erd\/wp-json\/wp\/v2\/media?parent=409"}],"curies":[{"name":"wp","href":"https:\/\/api.w.org\/{rel}","templated":true}]}}