{"id":4931,"date":"2015-11-20T12:05:33","date_gmt":"2015-11-20T10:05:33","guid":{"rendered":"http:\/\/szulokhaza.hu\/erd\/?page_id=4931"},"modified":"2015-11-20T12:05:33","modified_gmt":"2015-11-20T10:05:33","slug":"szulok-haza-kozossegi-csaladi-napkozi-letrehozasa-erden","status":"publish","type":"page","link":"https:\/\/szulokhaza.hu\/erd\/szulok-haza-kozossegi-csaladi-napkozi-letrehozasa-erden\/","title":{"rendered":"Sz\u00fcl\u0151k H\u00e1za K\u00f6z\u00f6ss\u00e9gi Csal\u00e1di Napk\u00f6zi l\u00e9trehoz\u00e1sa \u00c9rden"},"content":{"rendered":"<p>Sz\u00fcl\u0151k H\u00e1za K\u00f6z\u00f6ss\u00e9gi Csal\u00e1di Napk\u00f6zi l\u00e9trehoz\u00e1sa \u00c9rden<\/p>\n<p><span style=\"text-decoration: underline;\">Kedvezm\u00e9nyezett neve<\/span> : Sz\u00fcl\u0151k H\u00e1za Kft.<br \/>\n<span style=\"text-decoration: underline;\">A\u00a0 projekt c\u00edme<\/span> : Sz\u00fcl\u0151k H\u00e1za K\u00f6z\u00f6ss\u00e9gi Csal\u00e1di Napk\u00f6zi l\u00e9trehoz\u00e1sa \u00c9rden<br \/>\n<span style=\"text-decoration: underline;\">A szerz\u0151d\u00f6tt t\u00e1mogat\u00e1s \u00f6sszege<\/span> : 47 154 223 Ft<br \/>\n<span style=\"text-decoration: underline;\">A t\u00e1mogat\u00e1s m\u00e9rt\u00e9ke (%-ban)<\/span> : 100%<br \/>\n<span style=\"text-decoration: underline;\">A projekt tartalm\u00e1nak bemutat\u00e1sa<\/span> :<\/p>\n<p>A 0-3 \u00e9ves gyermekeket nevel\u0151 sz\u00fcl\u0151k eset\u00e9ben a gyermek megfelel\u0151 min\u0151s\u00e9g\u0171 ell\u00e1t\u00e1s\u00e1ra, gondoz\u00e1s\u00e1ra vonatkoz\u00f3 szolg\u00e1ltat\u00e1sok hi\u00e1nya vezet oda, hogy a sz\u00fcl\u0151munk\u00e1ba \u00e1ll\u00e1sa jellemz\u0151en a gyermek 3 \u00e9ves kor\u00e1t k\u00f6vet\u0151en t\u00f6rt\u00e9nik meg, sokszor akkor is neh\u00e9zs\u00e9gek \u00e1r\u00e1n. A csal\u00e1di napk\u00f6zi l\u00e9tes\u00edt\u00e9se \u00e9s m\u0171k\u00f6dtet\u00e9se r\u00e9v\u00e9n a munk\u00e1ba t\u00f6rt\u00e9n\u0151 visszat\u00e9r\u00e9s k\u00f6nnyebb\u00e9, sim\u00e1bb folyamatt\u00e1 v\u00e1lik, a kiv\u00e1l\u00f3 szakmai program \u00e9s a felk\u00e9sz\u00fclt gondoz\u00f3k garant\u00e1lj\u00e1k, hogy a gyermek j\u00f3 helyen \u00e9s j\u00f3 kezekben van, m\u00edg a sz\u00fcl\u0151 dolgozik. Ez a jobb min\u0151s\u00e9g\u0171 munkav\u00e9gz\u00e9st is eredm\u00e9nyez a sz\u00fcl\u0151k foglalkoztat\u00f3in\u00e1l.<\/p>\n<p>K\u00f6z\u00f6ss\u00e9g\u00e9p\u00edt\u00e9s: A mai kor egyik nap probl\u00e9m\u00e1ja a szepar\u00e1l\u00f3d\u00e1s, az any\u00e1k, gyermekek, csal\u00e1dok atomiz\u00e1lt l\u00e9tez\u00e9se. A kor\u00e1bbi korok m\u00e1s-m\u00e1s a gondokkal k\u00fczd\u00f6ttek, a mi\u00e9nk nagy kih\u00edv\u00e1sa a \u201emajd \u00e9n egyed\u00fcl mindent megoldok\u201d szeml\u00e9let zs\u00e1kutc\u00e1inak felismer\u00e9se, \u00e9s az \u00faj t\u00e1vlatok \u2013 a k\u00f6z\u00f6ss\u00e9g erej\u00e9nek \u00e9s az egy\u00fcttm\u0171k\u00f6d\u00e9snek egy, a kor\u00e1bbi korok k\u00f6z\u00f6ss\u00e9gi \u00e9let\u00e9n\u00e9l tal\u00e1n magasabb szint\u0171 meg\u00e9l\u00e9se.<\/p>\n<p>Integr\u00e1ci\u00f3: A program el\u0151seg\u00edti a r\u00e9gebb \u00f3ta \u00c9rden \u00e9l\u0151k, \u00e9s az \u00fajonnan \u00e9rkezett lak\u00f3k, tov\u00e1bb\u00e1 a jobb k\u00f6r\u00fclm\u00e9nyek k\u00f6z\u00f6tt \u00e9l\u0151k \u00e9s a kev\u00e9sb\u00e9 j\u00f3 szociokultur\u00e1lis h\u00e1tt\u00e9rrel rendelkez\u0151k integr\u00e1ci\u00f3j\u00e1t. A h\u00e1tr\u00e1nyosabb helyzet\u0171 gyermekek r\u00e9szv\u00e9tele a foglalkoz\u00e1sokon napr\u00f3l napra szemmel l\u00e1that\u00f3 fejl\u0151d\u00e9st eredm\u00e9nyezhet, emellett a kapcsolatok \u00e9p\u00edt\u00e9se r\u00e9v\u00e9n a szoci\u00e1lis be\u00e1gyazotts\u00e1guk is v\u00e1ltozik, a kit\u00f6r\u00e9s lehet\u0151s\u00e9ge megn\u0151.<\/p>\n<p>A pozit\u00edv minta \u00e9s az odafigyel\u0151, fejleszt\u0151 k\u00f6zeg nem csup\u00e1n a gyerekekre, hanem sz\u00fcleikre is hat, sokkal jobban odafigyelnek gyermekeikre \u00e9s be\u00e9p\u00edtik \u00e9letvezet\u00e9s\u00fckbe a program sor\u00e1n tanultakat.<br \/>\nA Sz\u00fcl\u0151k H\u00e1za programban ezt a tendenci\u00e1t felismerve \u00e9s maguk\u00e9nak \u00e9rezve, az egy\u00fcttm\u0171k\u00f6d\u0151 k\u00f6z\u00f6ss\u00e9gi er\u0151re \u00e9p\u00edtve alkott\u00e1k meg int\u00e9zm\u00e9nyi programjukat, ahol gyermekek, sz\u00fcl\u0151k k\u00f6z\u00f6s t\u00e9rben, egy\u00fctt is lehetnek, s ahol a gyermekfel\u00fcgyelet magas sz\u00ednvonalon val\u00f3sul meg.<\/p>\n<p>A Sz\u00fcl\u0151k H\u00e1za szakmai programot 2012-ben az Eur\u00f3pai Alap\u00edtv\u00e1ny az \u00c9let \u2013 \u00e9s Munkak\u00f6r\u00fclm\u00e9nyek Jav\u00edt\u00e1s\u00e1\u00e9rt j\u00f3 gyakorlatnak min\u0151s\u00edtette.<\/p>\n<p><span style=\"text-decoration: underline;\">A projekt tervezett befejez\u00e9si d\u00e1tuma (ha megval\u00f3sult, akkor a t\u00e9nyleges <\/span><span style=\"text-decoration: underline;\">befejez\u00e9s)<\/span> : 2015. okt\u00f3ber 31.<br \/>\n<span style=\"text-decoration: underline;\">Projekt azonos\u00edt\u00f3 sz\u00e1ma<\/span> : T\u00c1MOP 2.4.5. \u2013 12\/2 2012 -0105<\/p>\n","protected":false},"excerpt":{"rendered":"<p>Sz\u00fcl\u0151k H\u00e1za K\u00f6z\u00f6ss\u00e9gi Csal\u00e1di Napk\u00f6zi l\u00e9trehoz\u00e1sa \u00c9rden Kedvezm\u00e9nyezett neve : Sz\u00fcl\u0151k H\u00e1za Kft. A\u00a0 projekt c\u00edme : Sz\u00fcl\u0151k H\u00e1za K\u00f6z\u00f6ss\u00e9gi Csal\u00e1di Napk\u00f6zi l\u00e9trehoz\u00e1sa \u00c9rden A szerz\u0151d\u00f6tt t\u00e1mogat\u00e1s \u00f6sszege : 47 154 223 Ft A t\u00e1mogat\u00e1s m\u00e9rt\u00e9ke (%-ban) : 100% A projekt tartalm\u00e1nak bemutat\u00e1sa : A 0-3 \u00e9ves gyermekeket nevel\u0151 sz\u00fcl\u0151k eset\u00e9ben a gyermek megfelel\u0151 min\u0151s\u00e9g\u0171 [&hellip;]<\/p>\n","protected":false},"author":1086,"featured_media":0,"parent":0,"menu_order":0,"comment_status":"closed","ping_status":"closed","template":"","meta":{"_seopress_robots_primary_cat":"","_seopress_titles_title":"","_seopress_titles_desc":"","_seopress_robots_index":"","_et_pb_use_builder":"","_et_pb_old_content":"","_et_gb_content_width":"","footnotes":""},"class_list":["post-4931","page","type-page","status-publish","hentry"],"_links":{"self":[{"href":"https:\/\/szulokhaza.hu\/erd\/wp-json\/wp\/v2\/pages\/4931","targetHints":{"allow":["GET"]}}],"collection":[{"href":"https:\/\/szulokhaza.hu\/erd\/wp-json\/wp\/v2\/pages"}],"about":[{"href":"https:\/\/szulokhaza.hu\/erd\/wp-json\/wp\/v2\/types\/page"}],"author":[{"embeddable":true,"href":"https:\/\/szulokhaza.hu\/erd\/wp-json\/wp\/v2\/users\/1086"}],"replies":[{"embeddable":true,"href":"https:\/\/szulokhaza.hu\/erd\/wp-json\/wp\/v2\/comments?post=4931"}],"version-history":[{"count":0,"href":"https:\/\/szulokhaza.hu\/erd\/wp-json\/wp\/v2\/pages\/4931\/revisions"}],"wp:attachment":[{"href":"https:\/\/szulokhaza.hu\/erd\/wp-json\/wp\/v2\/media?parent=4931"}],"curies":[{"name":"wp","href":"https:\/\/api.w.org\/{rel}","templated":true}]}}