{"id":411,"date":"2012-09-17T16:23:54","date_gmt":"2012-09-17T14:23:54","guid":{"rendered":""},"modified":"2023-05-09T11:12:27","modified_gmt":"2023-05-09T09:12:27","slug":"szulinapi-party","status":"publish","type":"page","link":"https:\/\/szulokhaza.hu\/gyor\/szulinapi-party\/","title":{"rendered":"Sz\u00fclinapi Party"},"content":{"rendered":"<p>[et_pb_section fb_built=&#8221;1&#8243; _builder_version=&#8221;4.17.4&#8243; _module_preset=&#8221;default&#8221; global_colors_info=&#8221;{}&#8221;][et_pb_row column_structure=&#8221;1_2,1_2&#8243; _builder_version=&#8221;4.17.4&#8243; _module_preset=&#8221;default&#8221; global_colors_info=&#8221;{}&#8221;][et_pb_column type=&#8221;1_2&#8243; _builder_version=&#8221;4.17.4&#8243; _module_preset=&#8221;default&#8221; global_colors_info=&#8221;{}&#8221;][et_pb_text _builder_version=&#8221;4.17.4&#8243; _module_preset=&#8221;default&#8221; text_text_color=&#8221;#f69e0f&#8221; text_font_size=&#8221;24px&#8221; text_letter_spacing=&#8221;3px&#8221; header_text_color=&#8221;#f69e0f&#8221; header_font_size=&#8221;42px&#8221; header_letter_spacing=&#8221;3px&#8221; hover_enabled=&#8221;0&#8243; global_colors_info=&#8221;{}&#8221; sticky_enabled=&#8221;0&#8243;]<\/p>\n<h1 style=\"text-align: center;\">Sz\u00fclinapi party<\/h1>\n<p>[\/et_pb_text][\/et_pb_column][et_pb_column type=&#8221;1_2&#8243; _builder_version=&#8221;4.17.4&#8243; _module_preset=&#8221;default&#8221; global_colors_info=&#8221;{}&#8221;][\/et_pb_column][\/et_pb_row][et_pb_row column_structure=&#8221;2_5,3_5&#8243; _builder_version=&#8221;4.17.4&#8243; _module_preset=&#8221;default&#8221; global_colors_info=&#8221;{}&#8221;][et_pb_column type=&#8221;2_5&#8243; _builder_version=&#8221;4.17.4&#8243; _module_preset=&#8221;default&#8221; global_colors_info=&#8221;{}&#8221;][et_pb_image src=&#8221;https:\/\/szulokhaza.hu\/gyor\/wp-content\/uploads\/2022\/06\/2.png&#8221; alt=&#8221;Sz\u00fclinapi party&#8221; title_text=&#8221;Sz\u00fclinapi party&#8221; _builder_version=&#8221;4.17.4&#8243; _module_preset=&#8221;fb36b41b-b9cf-4868-907a-00704e3f26d6&#8243; hover_enabled=&#8221;0&#8243; global_colors_info=&#8221;{}&#8221; sticky_enabled=&#8221;0&#8243;][\/et_pb_image][et_pb_image _builder_version=&#8221;4.17.4&#8243; _module_preset=&#8221;fb36b41b-b9cf-4868-907a-00704e3f26d6&#8243; hover_enabled=&#8221;0&#8243; global_colors_info=&#8221;{}&#8221; sticky_enabled=&#8221;0&#8243;][\/et_pb_image][et_pb_image src=&#8221;https:\/\/szulokhaza.hu\/gyor\/wp-content\/uploads\/2022\/06\/szulinapi-party.png&#8221; alt=&#8221;Sz\u00fclet\u00e9snapi muffin&#8221; title_text=&#8221;szulinapi-party 2&#8243; _builder_version=&#8221;4.17.4&#8243; _module_preset=&#8221;fb36b41b-b9cf-4868-907a-00704e3f26d6&#8243; global_colors_info=&#8221;{}&#8221;][\/et_pb_image][\/et_pb_column][et_pb_column type=&#8221;3_5&#8243; _builder_version=&#8221;4.17.4&#8243; _module_preset=&#8221;default&#8221; global_colors_info=&#8221;{}&#8221;][et_pb_text _builder_version=&#8221;4.21.0&#8243; _module_preset=&#8221;default&#8221; header_text_color=&#8221;#f69e0f&#8221; header_3_text_color=&#8221;#f69e0f&#8221; header_4_text_color=&#8221;#f69e0f&#8221; hover_enabled=&#8221;0&#8243; global_colors_info=&#8221;{}&#8221; sticky_enabled=&#8221;0&#8243;]<\/p>\n<h3 style=\"text-align: left;\">Tartsd gyermeked sz\u00fclinapi bulij\u00e1t j\u00e1tsz\u00f3h\u00e1zunkban!<\/h3>\n<p>&nbsp;<\/p>\n<p style=\"text-align: left;\">&#x1f449; Nem neked kell takar\u00edtanod a buli el\u0151tt \u00e9s ut\u00e1na sem.<br \/>&#x1f449; Megoldjuk az uzsonn\u00e1val kapcsolatos bev\u00e1s\u00e1rl\u00e1st \u00e9s \u00e9telk\u00e9sz\u00edt\u00e9st.<br \/>&#x1f449; Gondoskodunk a gyerekek sz\u00f3rakoztat\u00e1s\u00e1r\u00f3l.<br \/>&#x1f449; N\u00e1lunk a gyerk\u0151c\u00f6k kedv\u00fckre tombolhatnak, nem kopog \u00e1t a szomsz\u00e9d n\u00e9ni!<\/p>\n<p>A j\u00e1tsz\u00f3h\u00e1zat\u00a0h\u00e9tv\u00e9gente (d\u00e9lel\u0151tt vagy d\u00e9lut\u00e1n) lehet kib\u00e9relni.<\/p>\n<p>&nbsp;<\/p>\n<p>A sz\u00fclinapi <strong>Alapcsomag<\/strong> tartalma &#8211; teremb\u00e9rl\u00e9s &#8211;\u00a0\u00c1ra: 10.000 Ft \/ csoport \/ 30 perc (minimum 2 \u00f3ra)<\/p>\n<p>A <strong>Zs\u00far csomag<\/strong> &#8211; Enni, innival\u00f3, torta &#8211; \u00c1ra: 2.600 Ft \/ gyerek (minimum 15 gyerek fizetend\u0151)<\/p>\n<p>Kreat\u00edv csoportos j\u00e1t\u00e9kok: 19.500 Ft \/ csoport<\/p>\n<p>Kreat\u00edv alkot\u00f3 foglalkoz\u00e1s: 24.500 Ft \/ csoport<\/p>\n<p>Hagyom\u00e1ny\u0151rz\u0151 sz\u00fclet\u00e9snap: 19.500 Ft \/ csoport<\/p>\n<p>Tematikus sz\u00fclet\u00e9snapok: 19.500 Ft \/ csoport<\/p>\n<p>Zen\u00e9s t\u00e1ncos foglalkoz\u00e1s divatos sl\u00e1gerekkel 19.500 Ft \/ csoport<\/p>\n<p>Extra sz\u00e9ps\u00e9gkuck\u00f3 programok:\u00a0 1.500 Ft \/ f\u0151 (minimum 15 gyerek fizetend\u0151)<\/p>\n<p>Arcfest\u00e9s: 1.500 Ft \/ gyerek (minimum 10 gyerek fizetend\u0151)<\/p>\n<p>Csill\u00e1mtetov\u00e1l\u00e1s: 1100 Ft \/ fest\u00e9s (minimum 8 db fizetend\u0151)<\/p>\n<p>Arcfest\u00e9s+csill\u00e1mtetov\u00e1l\u00e1s: 2.000 Ft \/ gyerek (minimum 10 gyerek fizetend\u0151)<\/p>\n<p>Lufihajtogat\u00e1s: 15.500 Ft \/ csoport \/ \u00f3ra (korl\u00e1tlan mennyis\u00e9g\u0171 lufival)<\/p>\n<p>[\/et_pb_text][\/et_pb_column][\/et_pb_row][et_pb_row column_structure=&#8221;1_2,1_2&#8243; _builder_version=&#8221;4.17.4&#8243; _module_preset=&#8221;default&#8221; global_colors_info=&#8221;{}&#8221;][et_pb_column type=&#8221;1_2&#8243; _builder_version=&#8221;4.17.4&#8243; _module_preset=&#8221;default&#8221; global_colors_info=&#8221;{}&#8221;][\/et_pb_column][et_pb_column type=&#8221;1_2&#8243; _builder_version=&#8221;4.17.4&#8243; _module_preset=&#8221;default&#8221; global_colors_info=&#8221;{}&#8221;][et_pb_button button_url=&#8221;https:\/\/szulokhaza.hu\/ujbuda\/jelentkezes\/&#8221; url_new_window=&#8221;on&#8221; button_text=&#8221;JELENTKEZ\u00c9S&#8221; _builder_version=&#8221;4.17.4&#8243; _module_preset=&#8221;default&#8221; custom_button=&#8221;on&#8221; button_bg_color=&#8221;#ff2037&#8243; button_icon=&#8221;&#x49;||divi||400&#8243; global_colors_info=&#8221;{}&#8221;][\/et_pb_button][\/et_pb_column][\/et_pb_row][\/et_pb_section]<\/p>\n","protected":false},"excerpt":{"rendered":"<p>Sz\u00fclinapi partyTartsd gyermeked sz\u00fclinapi bulij\u00e1t j\u00e1tsz\u00f3h\u00e1zunkban! &nbsp; &#x1f449; Nem neked kell takar\u00edtanod a buli el\u0151tt \u00e9s ut\u00e1na sem.&#x1f449; Megoldjuk az uzsonn\u00e1val kapcsolatos bev\u00e1s\u00e1rl\u00e1st \u00e9s \u00e9telk\u00e9sz\u00edt\u00e9st.&#x1f449; Gondoskodunk a gyerekek sz\u00f3rakoztat\u00e1s\u00e1r\u00f3l.&#x1f449; N\u00e1lunk a gyerk\u0151c\u00f6k kedv\u00fckre tombolhatnak, nem kopog \u00e1t a szomsz\u00e9d n\u00e9ni! A j\u00e1tsz\u00f3h\u00e1zat\u00a0h\u00e9tv\u00e9gente (d\u00e9lel\u0151tt vagy d\u00e9lut\u00e1n) lehet kib\u00e9relni. &nbsp; A sz\u00fclinapi Alapcsomag tartalma &#8211; teremb\u00e9rl\u00e9s &#8211;\u00a0\u00c1ra: [&hellip;]<\/p>\n","protected":false},"author":2561,"featured_media":0,"parent":0,"menu_order":0,"comment_status":"closed","ping_status":"closed","template":"","meta":{"_seopress_robots_primary_cat":"","_seopress_titles_title":"","_seopress_titles_desc":"","_seopress_robots_index":"","_et_pb_use_builder":"on","_et_pb_old_content":"<div class=\"body\"><div><p>\u00a0<\/p><h2><strong>Csal\u00e1dias hangulat\u00fa, var\u00e1zslatos sz\u00fclinapok<\/strong><strong>\u00a0a Sz\u00fcl\u0151k H\u00e1z\u00e1ban<\/strong><\/h2><p>Szeretettel v\u00e1runk gyermeked sz\u00fclet\u00e9snapi zs\u00farj\u00e1ra a Sz\u00fcl\u0151k H\u00e1z\u00e1ban! Neked csak az lesz a dolgod, hogy le\u00fclj a kanap\u00e9nkra a t\u00f6bbi sz\u00fcl\u0151vel, csal\u00e1dtaggal egy\u00fctt \u00e9s j\u00f3l \u00e9rezz\u00e9tek magatokat! Mi pedig megszervezz\u00fck a bulit, sz\u00f3rakoztatjuk a vend\u00e9geket, vigy\u00e1zunk a gyerekekre, s\u0151t a mosogat\u00e1s is a mi gondunk!<\/p><p><strong>Sz\u00fclinap a Sz\u00fcl\u0151k H\u00e1z\u00e1ban - Rendezd meg 140 nm-es gyerekszob\u00e1nkban\u00a0gyermekeid\u00a0sz\u00fclet\u00e9snapi zs\u00farj\u00e1t, vagy a Nagymama sz\u00fclinapj\u00e1t az\u00a0unok\u00e1k\u00a0k\u00f6r\u00e9ben !<\/strong><\/p><h3><strong><a href=\"http:\/\/szulokhaza.hu\/gyor\/wp-content\/uploads\/2012\/09\/DSC_6978_small.jpg\" rel=\"attachment wp-att-5333\"><img class=\"alignleft size-medium wp-image-5333\" src=\"http:\/\/szulokhaza.hu\/gyor\/wp-content\/uploads\/2012\/09\/DSC_6978_small-300x199.jpg\" alt=\"\" width=\"300\" height=\"199\" \/><\/a>A SZ\u00dcLINAPI CSOMAG tartalma:<\/strong><\/h3><ul><li>a j\u00e1tsz\u00f3h\u00e1z kiz\u00e1r\u00f3lagos\u00a0haszn\u00e1lata<\/li><li>1 f\u0151 h\u00e1ziasszony<\/li><li>ter\u00edt\u00e9k (t\u00e1ny\u00e9r, poh\u00e1r, villa, szalv\u00e9ta)<\/li><li>sz\u00fclet\u00e9snapi d\u00edsz\u00edt\u00e9s<\/li><\/ul><p>\u00c1ra: 6.000,-Ft \/ csoport \/ 30 perc (minimum 2 \u00f3ra)<br \/>15 f\u0151t\u0151l: +2000.-\/gyerek<br \/>Az \u00fcnnepelt sz\u00fclein k\u00edv\u00fcli feln\u0151ttek: 500.-\/f\u0151<br \/>A j\u00e1tsz\u00f3h\u00e1zat\u00a0h\u00e9tv\u00e9gente (d\u00e9lel\u0151tt vagy d\u00e9lut\u00e1n) lehet kib\u00e9relni.<\/p><p><strong>B\u00edzd r\u00e1nk a bev\u00e1s\u00e1rl\u00e1st: a SZ\u00dcLINAPI ZS\u00daR lebonyol\u00edt\u00e1s\u00e1t is v\u00e1llaljuk, de term\u00e9szetesen Ti is hozhatj\u00e1tok az enni-, innival\u00f3t \u00e9s a tort\u00e1t!\u00a0<\/strong><\/p><p><a href=\"http:\/\/szulokhaza.hu\/gyor\/wp-content\/uploads\/2015\/09\/DSC_7694_small.jpg\" rel=\"attachment wp-att-5311\"><img class=\"alignleft size-medium wp-image-5311\" src=\"http:\/\/szulokhaza.hu\/gyor\/wp-content\/uploads\/2015\/09\/DSC_7694_small-300x200.jpg\" alt=\"\" width=\"300\" height=\"200\" \/><\/a><strong>A ZS\u00daR CSOMAG tartalma:<\/strong><\/p><p>s\u00f3s \u00e9s \u00e9des\u00a0ropogtatnival\u00f3k (r\u00fad, masni, pog\u00e1csa, linzer)<br \/>korl\u00e1tlan innival\u00f3 fogyaszt\u00e1s (gy\u00fcm\u00f6lcsl\u00e9 \u00e9s bubor\u00e9kmentes \u00e1sv\u00e1nyv\u00edz)<br \/>sz\u00fclinapi teremd\u00edsz\u00edt\u00e9s<\/p><p>\u00c1ra: 600 Ft \/ gyerek (minimum 10 gyerek fizetend\u0151, a SZ\u00dcLINAPI CSOMAG \u00e1r\u00e1t nem tartalmazza)<\/p><p><strong><br \/>\u00c9s hogy felejthetetlenn\u00e9 tegy\u00fck sz\u00e1motokra a n\u00e1lunk t\u00f6lt\u00f6tt id\u0151t, j\u00e1tszunk is a kicsikkel, ha szeretn\u00e9tek.<\/strong><\/p><h4><a href=\"http:\/\/szulokhaza.hu\/gyor\/wp-content\/uploads\/2012\/09\/DSCF2105-k.jpg\" rel=\"attachment wp-att-5335\"><img class=\"alignleft size-medium wp-image-5335\" src=\"http:\/\/szulokhaza.hu\/gyor\/wp-content\/uploads\/2012\/09\/DSCF2105-k-225x300.jpg\" alt=\"\" width=\"225\" height=\"300\" \/><\/a>KREAT\u00cdV GYEREKFOGLALKOZ\u00c1SOK a gyerekek kor\u00e1nak megfelel\u0151 \u00f6ssze\u00e1ll\u00edt\u00e1sban:<\/h4><p><strong>Kreat\u00edv csoportos j\u00e1t\u00e9kok<\/strong>: 10.000,- Ft \/ csoport<br \/>\u00dcgyess\u00e9gi vet\u00e9lked\u0151k humorral f\u0171szerezve, anim\u00e1torunk seg\u00edts\u00e9g\u00e9vel. 3 \u00e9ves kort\u00f3l aj\u00e1nljuk.<br \/><strong>Kreat\u00edv alkot\u00f3 foglalkoz\u00e1s:<\/strong>\u00a015.000,- Ft \/ csoport (maximum 15 f\u0151)<br \/>A sz\u00fclet\u00e9snaposnak k\u00e9sz\u00edt\u00fcnk aj\u00e1nd\u00e9kot (zs\u00farfa, kalap, \u00e9kszerek, gipszk\u00e9p, gipsz k\u00e9zlenyomat), anim\u00e1tor seg\u00edts\u00e9g\u00e9vel.<\/p><\/div><\/div><p><strong>Hagyom\u00e1ny\u0151rz\u0151 sz\u00fclet\u00e9snap<\/strong>: v\u00e1laszthat\u00f3 n\u00e9pi csoportos j\u00e1t\u00e9kok (k\u00f6rj\u00e1t\u00e9kok), \u00e9s n\u00e9pi alkot\u00f3 foglalkoz\u00e1s (batikol\u00e1s, fakan\u00e1l-b\u00e1b...)<\/p><p>\u00a0<\/p><p>\u00a0<\/p><div class=\"body\"><p><strong><a href=\"http:\/\/szulokhaza.hu\/gyor\/wp-content\/uploads\/2012\/09\/DSCF2171-k.jpg\" rel=\"attachment wp-att-5337\"><img class=\"alignleft size-medium wp-image-5337\" src=\"http:\/\/szulokhaza.hu\/gyor\/wp-content\/uploads\/2012\/09\/DSCF2171-k-300x225.jpg\" alt=\"\" width=\"300\" height=\"225\" \/><\/a>Tematikus sz\u00fclet\u00e9snapok: <\/strong>10.000.-\/csoport<\/p><p><strong>Kedvenc mes\u00e9re fel\u00e9p\u00edtett vid\u00e1m j\u00e1t\u00e9k (Kal\u00f3z, szuperh\u0151s, Barbie, J\u00e9gvar\u00e1zs, Sophia hercegn\u0151...)<br \/><\/strong>Kedvenc meseh\u0151s\u00f6s extra ter\u00edt\u00e9k: 300.- forint\/gyerek<strong><br \/><\/strong><strong>Zen\u00e9s t\u00e1ncos foglalkoz\u00e1s divatos sl\u00e1gerekkel<\/strong> 6 \u00e9ves kor felett:\u00a0 Vicces koreogr\u00e1fia betanul\u00e1sa, \u00fajs\u00e1gos t\u00e1nc, lufis t\u00e1nc, kacsat\u00e1nc, mini diszk\u00f3\u2026<strong><br \/><\/strong><\/p><p><strong>EXTRA SZ\u00c9PS\u00c9GKUCK\u00d3 PROGRAMOK <\/strong>(700.- forint \/ f\u0151)<strong>: \u00a0<\/strong>Smink \/ Fodr\u00e1szm\u0171hely \/ Manik\u0171r szalon<\/p><p>\u00a0<\/p><p><strong>JOKER csomag:<\/strong><\/p><p>Tervezd meg saj\u00e1t egyedi sz\u00fclet\u00e9snapi partydat, besz\u00e9lj\u00fck meg, hogy mit szeretn\u00e9l!<br \/>(Egyedi \u00e1rkalkul\u00e1ci\u00f3)<\/p><p><img style=\"margin-left: 10px; margin-right: 10px; float: left; width: 300px; height: 199px;\" src=\"http:\/\/szulokhaza.hu\/gyor\/wp-content\/uploads\/szulinap3.JPG\" alt=\"szulinap3.JPG\" \/><\/p><h3><strong>KIEG\u00c9SZ\u00cdT\u0150 szolg\u00e1ltat\u00e1sok:<\/strong><\/h3><p>Arcfest\u00e9s: 700,- Ft \/ gyerek\u00a0<em>(minimum 10 gyerek fizetend\u0151)<\/em><br \/>Csill\u00e1mtetov\u00e1l\u00e1s: 700,- Ft \/\u00a0fest\u00e9s\u00a0<em>(minimum 10\u00a0db fizetend\u0151)<\/em><br \/>Arcfest\u00e9s+csill\u00e1mtetov\u00e1l\u00e1s: 1200.- \/ gyerek <em>(minimum 10 gyerek fizetend\u0151)<\/em><br \/>Lufihajtogat\u00e1s: 9.500 Ft \/\u00a0csoport \/ \u00f3ra\u00a0<em>(korl\u00e1tlan mennyis\u00e9g\u0171 lufival)<\/em><\/p><\/div><p>\u00a0<\/p><p>\u00a0<\/p><p>\u00a0<\/p><div class=\"body\"><h3><strong><a href=\"http:\/\/szulokhaza.hu\/gyor\/wp-content\/uploads\/2012\/09\/DSC_6981_small.jpg\" rel=\"attachment wp-att-5338\"><img class=\"alignleft size-medium wp-image-5338\" src=\"http:\/\/szulokhaza.hu\/gyor\/wp-content\/uploads\/2012\/09\/DSC_6981_small-300x199.jpg\" alt=\"\" width=\"300\" height=\"199\" \/><\/a>Rendhagy\u00f3, k\u00fcl\u00f6nleges k\u00edv\u00e1ns\u00e1gaidat is sz\u00edvesen teljes\u00edtj\u00fck.<br \/><\/strong><\/h3><p>A feln\u0151ttek term\u00e9szetesen ingyenesen vesznek r\u00e9szt a gyerekek sz\u00fclet\u00e9snapi zs\u00farj\u00e1n.<br \/><strong>El\u0151zetes id\u0151pont egyeztet\u00e9s: <\/strong>a\u00a0sz\u00fclinapra<strong>\u00a0id\u0151pontot a helysz\u00ednen 10.000 Ft foglal\u00f3\u00a0<\/strong>ellen\u00e9ben lehet foglalni.<br \/>Telefonon is sz\u00edvesen megmondjuk, mikor nem foglalt a j\u00e1tsz\u00f3h\u00e1z:<br \/>+36 (20) 231-6261.<br \/>H\u00edvhat\u00f3 h\u00e9tk\u00f6znap 8:00-16:00 \u00f3r\u00e1ig<\/p><p>\u00a0<\/p><p>\u00a0<\/p><p>\u00a0<\/p><p>\u00a0<\/p><\/div>","_et_gb_content_width":"","footnotes":""},"class_list":["post-411","page","type-page","status-publish","hentry"],"_links":{"self":[{"href":"https:\/\/szulokhaza.hu\/gyor\/wp-json\/wp\/v2\/pages\/411","targetHints":{"allow":["GET"]}}],"collection":[{"href":"https:\/\/szulokhaza.hu\/gyor\/wp-json\/wp\/v2\/pages"}],"about":[{"href":"https:\/\/szulokhaza.hu\/gyor\/wp-json\/wp\/v2\/types\/page"}],"author":[{"embeddable":true,"href":"https:\/\/szulokhaza.hu\/gyor\/wp-json\/wp\/v2\/users\/2561"}],"replies":[{"embeddable":true,"href":"https:\/\/szulokhaza.hu\/gyor\/wp-json\/wp\/v2\/comments?post=411"}],"version-history":[{"count":25,"href":"https:\/\/szulokhaza.hu\/gyor\/wp-json\/wp\/v2\/pages\/411\/revisions"}],"predecessor-version":[{"id":8423,"href":"https:\/\/szulokhaza.hu\/gyor\/wp-json\/wp\/v2\/pages\/411\/revisions\/8423"}],"wp:attachment":[{"href":"https:\/\/szulokhaza.hu\/gyor\/wp-json\/wp\/v2\/media?parent=411"}],"curies":[{"name":"wp","href":"https:\/\/api.w.org\/{rel}","templated":true}]}}