{"id":413,"date":"2012-09-17T16:27:27","date_gmt":"2012-09-17T14:27:27","guid":{"rendered":""},"modified":"2015-10-06T10:40:20","modified_gmt":"2015-10-06T08:40:20","slug":"oldjuk-meg-egyutt","status":"publish","type":"page","link":"https:\/\/szulokhaza.hu\/gyor\/oldjuk-meg-egyutt\/","title":{"rendered":"Oldjuk meg egy\u00fctt"},"content":{"rendered":"<div class=\"body\">\n<h3><a href=\"http:\/\/szulokhaza.hu\/gyor\/wp-content\/uploads\/oldjukmegegyutt.jpg\"><img loading=\"lazy\" decoding=\"async\" class=\"alignleft wp-image-934\" src=\"http:\/\/szulokhaza.hu\/gyor\/wp-content\/uploads\/oldjukmegegyutt.jpg\" alt=\"\" width=\"313\" height=\"239\" \/><\/a><\/h3>\n<\/div>\n<div class=\"entry-content\">\n<div class=\"body\">Szeptembert\u0151l k\u00f6zk\u00edv\u00e1natra gyermeknevel\u00e9sr\u0151l \u00e9s p\u00e1rkapcsolatr\u00f3l sz\u00f3l\u00f3 besz\u00e9lget\u00e9sek indulnak Reg\u0151s Judittal a Sz\u00fcl\u0151k H\u00e1za alap\u00edt\u00f3j\u00e1val, \u00e9s vezet\u0151j\u00e9vel, csal\u00e1di tan\u00e1csad\u00f3val, 4 gyermekes anyuk\u00e1val.<\/div>\n<div class=\"body\"><\/div>\n<div class=\"body\">Olyan gyakorlati k\u00e9rd\u00e9sekr\u0151l besz\u00e9lget\u00fcnk, amelyekkel nap, mint nap tal\u00e1lkozunk otthon \u00e9s itt a Sz\u00fcl\u0151k H\u00e1z\u00e1ban is.A foglalkoz\u00e1s 2-3 \u00e9ves gyermeket nevel\u0151 anyuk\u00e1knak \u00e9s az \u00e9rdekl\u0151d\u0151 apuk\u00e1knak sz\u00f3l.<\/div>\n<\/div>\n<div class=\"body\"><\/div>\n<div class=\"body\"><\/div>\n<div class=\"body\"><\/div>\n<div class=\"body\">Judit csoportos besz\u00e9lget\u00e9s keret\u00e9ben seg\u00edt megoldani a dackorszakb\u00f3l fakad\u00f3 neh\u00e9zs\u00e9geket:<\/div>\n<div class=\"body\"><\/div>\n<div class=\"body\">\n<ul>\n<li>sz\u00f3fogadatlans\u00e1g<\/li>\n<li>akaratoss\u00e1g<\/li>\n<li>vereked\u00e9s<\/li>\n<li>testv\u00e9rf\u00e9lt\u00e9kenys\u00e9g<\/li>\n<li>alv\u00e1s, ev\u00e9sprobl\u00e9m\u00e1k<\/li>\n<li>szobatisztas\u00e1g<\/li>\n<\/ul>\n<\/div>\n<div class=\"body\"><\/div>\n<div class=\"body\"><\/div>\n<div class=\"body\"><\/div>\n<div class=\"body\"><\/div>\n<div class=\"entry-content\">\n<h3><img decoding=\"async\" class=\" alignright\" src=\"http:\/\/szulokhaza.hu\/gyor\/wp-content\/uploads\/dackorszak.jpg\" alt=\"dackorszak.jpg\" \/><\/h3>\n<h3>Gyermeknevel\u00e9si k\u00e9rd\u00e9sek a sz\u00fclet\u00e9st\u0151l a tin\u00e9dzserkorig, p\u00e1rkapcsolati probl\u00e9m\u00e1k<\/h3>\n<p>Kis gyerek kis gond, nagy gyerek&#8230; A gyereknevel\u00e9s minden \u00e9letkorban sz\u00e1mos k\u00e9rd\u00e9st vet fel. Nincs k\u00e9t egyforma gyerek, lehet, hogy ami az egyikn\u00e9l m\u0171k\u00f6d\u00f6tt, a m\u00e1sikn\u00e1l nem j\u00f6n be. Szak\u00e9rt\u0151ink seg\u00edts\u00e9g\u00e9vel, egy besz\u00e9lget\u0151s klubd\u00e9lut\u00e1n keret\u00e9ben megtudhatod, hogyan legy\u00e9l el\u00e9g j\u00f3 sz\u00fcl\u0151, valamint praktikus megold\u00e1sokat kaphatsz konkr\u00e9t, nevel\u00e9ssel, illetve p\u00e1rkapcsolattal kapcsolatos probl\u00e9m\u00e1idra.<\/p>\n<\/div>\n<p>&nbsp;<\/p>\n<div class=\"body\">\n<p>&nbsp;<\/p>\n<p>Tov\u00e1bbi inform\u00e1ci\u00f3 \u00a0telefonon: 20\/483-6140, e-mailben: <span style=\"text-decoration: underline;\"><a href=\"mailto:szulokhaza@szulokhaza.hu\">szulokhazagyor@szulokhaza.hu<\/a><\/span><\/p>\n<p><strong><em>A klubd\u00e9lut\u00e1n idej\u00e9n j\u00e1tsz\u00f3h\u00e1zunkban gyermekeidre 50% kedvezm\u00e9nnyel vigy\u00e1zunk!<br \/>\nBel\u00e9p\u0151 \u00e1ra 2000 Ft.<\/em><\/strong><\/p>\n<p>&nbsp;<\/p>\n<\/div>\n","protected":false},"excerpt":{"rendered":"<p>Szeptembert\u0151l k\u00f6zk\u00edv\u00e1natra gyermeknevel\u00e9sr\u0151l \u00e9s p\u00e1rkapcsolatr\u00f3l sz\u00f3l\u00f3 besz\u00e9lget\u00e9sek indulnak Reg\u0151s Judittal a Sz\u00fcl\u0151k H\u00e1za alap\u00edt\u00f3j\u00e1val, \u00e9s vezet\u0151j\u00e9vel, csal\u00e1di tan\u00e1csad\u00f3val, 4 gyermekes anyuk\u00e1val. Olyan gyakorlati k\u00e9rd\u00e9sekr\u0151l besz\u00e9lget\u00fcnk, amelyekkel nap, mint nap tal\u00e1lkozunk otthon \u00e9s itt a Sz\u00fcl\u0151k H\u00e1z\u00e1ban is.A foglalkoz\u00e1s 2-3 \u00e9ves gyermeket nevel\u0151 anyuk\u00e1knak \u00e9s az \u00e9rdekl\u0151d\u0151 apuk\u00e1knak sz\u00f3l. Judit csoportos besz\u00e9lget\u00e9s keret\u00e9ben seg\u00edt megoldani a [&hellip;]<\/p>\n","protected":false},"author":2561,"featured_media":0,"parent":0,"menu_order":0,"comment_status":"closed","ping_status":"closed","template":"","meta":{"_seopress_robots_primary_cat":"","_seopress_titles_title":"","_seopress_titles_desc":"","_seopress_robots_index":"","_et_pb_use_builder":"","_et_pb_old_content":"","_et_gb_content_width":"","footnotes":""},"class_list":["post-413","page","type-page","status-publish","hentry"],"_links":{"self":[{"href":"https:\/\/szulokhaza.hu\/gyor\/wp-json\/wp\/v2\/pages\/413","targetHints":{"allow":["GET"]}}],"collection":[{"href":"https:\/\/szulokhaza.hu\/gyor\/wp-json\/wp\/v2\/pages"}],"about":[{"href":"https:\/\/szulokhaza.hu\/gyor\/wp-json\/wp\/v2\/types\/page"}],"author":[{"embeddable":true,"href":"https:\/\/szulokhaza.hu\/gyor\/wp-json\/wp\/v2\/users\/2561"}],"replies":[{"embeddable":true,"href":"https:\/\/szulokhaza.hu\/gyor\/wp-json\/wp\/v2\/comments?post=413"}],"version-history":[{"count":0,"href":"https:\/\/szulokhaza.hu\/gyor\/wp-json\/wp\/v2\/pages\/413\/revisions"}],"wp:attachment":[{"href":"https:\/\/szulokhaza.hu\/gyor\/wp-json\/wp\/v2\/media?parent=413"}],"curies":[{"name":"wp","href":"https:\/\/api.w.org\/{rel}","templated":true}]}}