{"id":415,"date":"2012-09-17T16:54:22","date_gmt":"2012-09-17T14:54:22","guid":{"rendered":""},"modified":"2014-05-13T19:36:07","modified_gmt":"2014-05-13T17:36:07","slug":"adatvedelem","status":"publish","type":"page","link":"https:\/\/szulokhaza.hu\/gyor\/adatvedelem\/","title":{"rendered":"Adatv\u00e9delem"},"content":{"rendered":"<div class=\"body\">\n<div>\n<p>&nbsp;<\/p>\n<table style=\"line-height: 16.899999618530273px;\">\n<tbody>\n<tr>\n<td>A Sz\u00fcl\u0151k H\u00e1za Kft. jelen adatv\u00e9delmi nyilatkozattal k\u00f6telezi mag\u00e1t a l\u00e1togat\u00f3k szem\u00e9lyes adatainak oly m\u00f3don t\u00f6rt\u00e9n\u0151 kezel\u00e9s\u00e9re, amely a vonatkoz\u00f3 hat\u00e1lyos jogszab\u00e1lyoknak teljes k\u00f6r\u0171en eleget t\u00e9ve j\u00e1rul hozz\u00e1 a l\u00e1togat\u00f3k biztons\u00e1gos internetez\u00e9si lehet\u0151s\u00e9geinek megteremt\u00e9s\u00e9hez. A Sz\u00fcl\u0151k H\u00e1za Kft. a l\u00e1togat\u00f3k szem\u00e9lyes adatait bizalmasan, a hat\u00e1lyos jogszab\u00e1lyi el\u0151\u00edr\u00e1sokkal \u00f6sszhgyangban kezeli, gondoskodik azok biztons\u00e1g\u00e1r\u00f3l, megteszi azokat a technikai \u00e9s szervez\u00e9si int\u00e9zked\u00e9seket, valamint kialak\u00edtja azokat az elj\u00e1r\u00e1si szab\u00e1lyokat, amelyek a vonatkoz\u00f3 jogszab\u00e1lyi rendelkez\u00e9sek \u00e9s m\u00e1s aj\u00e1nl\u00e1sok \u00e9rv\u00e9nyre juttat\u00e1s\u00e1hoz sz\u00fcks\u00e9gesek.<\/p>\n<p>Rendszer\u00fcnk kialak\u00edt\u00e1s\u00e1n\u00e1l figyelembe vett\u00fck a vonatkoz\u00f3 hat\u00e1lyos jogszab\u00e1lyokat, illetve a fontosabb nemzetk\u00f6zi aj\u00e1nl\u00e1sokat, k\u00fcl\u00f6n\u00f6s tekintettel az al\u00e1bbiakra:<\/p>\n<ul>\n<li>A szem\u00e9lyes adatok v\u00e9delm\u00e9r\u0151l \u00e9s a k\u00f6z\u00e9rdek\u0171 adatok nyilv\u00e1noss\u00e1g\u00e1r\u00f3l sz\u00f3l\u00f3 1992. \u00e9vi LXIII. t\u00f6rv\u00e9ny;<\/li>\n<li>Az egy\u00e9nek v\u00e9delm\u00e9r\u0151l a szem\u00e9lyes adatok g\u00e9pi feldolgoz\u00e1sa sor\u00e1n sz\u00f3l\u00f3 1998. \u00e9vi VI. t\u00f6rv\u00e9ny;<\/li>\n<li>Az elektronikus h\u00edrk\u00f6zl\u00e9sr\u0151l sz\u00f3l\u00f3 2003. \u00e9vi C. t\u00f6rv\u00e9ny<\/li>\n<li>Az Online Privacy Alliance aj\u00e1nl\u00e1sai.<\/li>\n<\/ul>\n<\/td>\n<\/tr>\n<\/tbody>\n<\/table>\n<p>&nbsp;<\/p>\n<\/div>\n<\/div>\n","protected":false},"excerpt":{"rendered":"<p>&nbsp; A Sz\u00fcl\u0151k H\u00e1za Kft. jelen adatv\u00e9delmi nyilatkozattal k\u00f6telezi mag\u00e1t a l\u00e1togat\u00f3k szem\u00e9lyes adatainak oly m\u00f3don t\u00f6rt\u00e9n\u0151 kezel\u00e9s\u00e9re, amely a vonatkoz\u00f3 hat\u00e1lyos jogszab\u00e1lyoknak teljes k\u00f6r\u0171en eleget t\u00e9ve j\u00e1rul hozz\u00e1 a l\u00e1togat\u00f3k biztons\u00e1gos internetez\u00e9si lehet\u0151s\u00e9geinek megteremt\u00e9s\u00e9hez. A Sz\u00fcl\u0151k H\u00e1za Kft. a l\u00e1togat\u00f3k szem\u00e9lyes adatait bizalmasan, a hat\u00e1lyos jogszab\u00e1lyi el\u0151\u00edr\u00e1sokkal \u00f6sszhgyangban kezeli, gondoskodik azok biztons\u00e1g\u00e1r\u00f3l, megteszi azokat [&hellip;]<\/p>\n","protected":false},"author":2561,"featured_media":0,"parent":0,"menu_order":0,"comment_status":"closed","ping_status":"closed","template":"","meta":{"_seopress_robots_primary_cat":"","_seopress_titles_title":"","_seopress_titles_desc":"","_seopress_robots_index":"","_et_pb_use_builder":"","_et_pb_old_content":"","_et_gb_content_width":"","footnotes":""},"class_list":["post-415","page","type-page","status-publish","hentry"],"_links":{"self":[{"href":"https:\/\/szulokhaza.hu\/gyor\/wp-json\/wp\/v2\/pages\/415","targetHints":{"allow":["GET"]}}],"collection":[{"href":"https:\/\/szulokhaza.hu\/gyor\/wp-json\/wp\/v2\/pages"}],"about":[{"href":"https:\/\/szulokhaza.hu\/gyor\/wp-json\/wp\/v2\/types\/page"}],"author":[{"embeddable":true,"href":"https:\/\/szulokhaza.hu\/gyor\/wp-json\/wp\/v2\/users\/2561"}],"replies":[{"embeddable":true,"href":"https:\/\/szulokhaza.hu\/gyor\/wp-json\/wp\/v2\/comments?post=415"}],"version-history":[{"count":0,"href":"https:\/\/szulokhaza.hu\/gyor\/wp-json\/wp\/v2\/pages\/415\/revisions"}],"wp:attachment":[{"href":"https:\/\/szulokhaza.hu\/gyor\/wp-json\/wp\/v2\/media?parent=415"}],"curies":[{"name":"wp","href":"https:\/\/api.w.org\/{rel}","templated":true}]}}