{"id":485,"date":"2014-08-11T18:41:47","date_gmt":"2014-08-11T16:41:47","guid":{"rendered":""},"modified":"2018-01-30T19:08:45","modified_gmt":"2018-01-30T18:08:45","slug":"galeria-2","status":"publish","type":"page","link":"https:\/\/szulokhaza.hu\/gyor\/galeria-2\/","title":{"rendered":"Gal\u00e9ria"},"content":{"rendered":"<div class=\"body\">\n<table style=\"height: 1093px;\" width=\"789\">\n<tbody>\n<tr>\n<td style=\"text-align: center;\"><\/td>\n<td style=\"text-align: center;\"><\/td>\n<td style=\"text-align: center;\"><\/td>\n<\/tr>\n<tr>\n<td style=\"text-align: center;\"><\/td>\n<td style=\"text-align: center;\">\n<p><a href=\"http:\/\/hu.fotoalbum.eu\/szulokhazagyor\/a851749\" target=\"_blank\" rel=\"noopener\">Zenet\u00e1bor<\/a><\/p>\n<p><a href=\"http:\/\/szulokhaza.hu\/gyor\/wp-content\/uploads\/2015\/08\/zenet\u00e1bor.jpg\"><img loading=\"lazy\" decoding=\"async\" class=\"aligncenter wp-image-3510\" src=\"http:\/\/szulokhaza.hu\/gyor\/wp-content\/uploads\/2015\/08\/zenet\u00e1bor-300x225.jpg\" alt=\"\" width=\"217\" height=\"163\" srcset=\"https:\/\/szulokhaza.hu\/gyor\/wp-content\/uploads\/2015\/08\/zenet\u00e1bor.jpg 300w, https:\/\/szulokhaza.hu\/gyor\/wp-content\/uploads\/2015\/08\/zenet\u00e1bor-20x15.jpg 20w\" sizes=\"(max-width: 217px) 100vw, 217px\" \/><\/a><\/td>\n<td style=\"text-align: center;\"><a href=\"http:\/\/hu.fotoalbum.eu\/szulokhazagyor\/a851271\" target=\"_blank\" rel=\"noopener\">Nyelvi t\u00e1bor<\/a><br \/>\n<a href=\"http:\/\/szulokhaza.hu\/gyor\/wp-content\/uploads\/2015\/07\/k.jpg\"><img loading=\"lazy\" decoding=\"async\" class=\"aligncenter wp-image-3495\" src=\"http:\/\/szulokhaza.hu\/gyor\/wp-content\/uploads\/2015\/07\/k-300x225.jpg\" alt=\"\" width=\"230\" height=\"173\" srcset=\"https:\/\/szulokhaza.hu\/gyor\/wp-content\/uploads\/2015\/07\/k.jpg 300w, https:\/\/szulokhaza.hu\/gyor\/wp-content\/uploads\/2015\/07\/k-20x15.jpg 20w\" sizes=\"(max-width: 230px) 100vw, 230px\" \/><\/a><\/td>\n<\/tr>\n<tr>\n<td style=\"text-align: left;\">\n<p style=\"text-align: center;\"><a href=\"http:\/\/en.fotoalbum.eu\/szulokhaza\/a850367\">Term\u00e9szetb\u00fav\u00e1r t\u00e1bor<\/a><\/p>\n<p><a href=\"http:\/\/szulokhaza.hu\/gyor\/wp-content\/uploads\/2014\/08\/tb\u00fav\u00e1r-t.jpg\"><img loading=\"lazy\" decoding=\"async\" class=\"aligncenter size-medium wp-image-3470\" src=\"http:\/\/szulokhaza.hu\/gyor\/wp-content\/uploads\/2014\/08\/tb\u00fav\u00e1r-t-300x169.jpg\" alt=\"\" width=\"300\" height=\"169\" srcset=\"https:\/\/szulokhaza.hu\/gyor\/wp-content\/uploads\/2014\/08\/tb\u00fav\u00e1r-t.jpg 300w, https:\/\/szulokhaza.hu\/gyor\/wp-content\/uploads\/2014\/08\/tb\u00fav\u00e1r-t-20x11.jpg 20w\" sizes=\"(max-width: 300px) 100vw, 300px\" \/><\/a><\/td>\n<td style=\"text-align: center;\">\n<p><a href=\"http:\/\/hu.fotoalbum.eu\/szulokhazagyor\/a849693\" target=\"_blank\" rel=\"noopener\">Disney t\u00e1bor<\/a><\/p>\n<p><a href=\"http:\/\/szulokhaza.hu\/gyor\/wp-content\/uploads\/2014\/05\/Man\u00f3-tanya.jpg\"><img loading=\"lazy\" decoding=\"async\" class=\"aligncenter wp-image-3457\" src=\"http:\/\/szulokhaza.hu\/gyor\/wp-content\/uploads\/2014\/05\/Man\u00f3-tanya-225x300.jpg\" alt=\"\" width=\"181\" height=\"241\" srcset=\"https:\/\/szulokhaza.hu\/gyor\/wp-content\/uploads\/2014\/05\/Man\u00f3-tanya-225x300.jpg 225w, https:\/\/szulokhaza.hu\/gyor\/wp-content\/uploads\/2014\/05\/Man\u00f3-tanya-15x20.jpg 15w, https:\/\/szulokhaza.hu\/gyor\/wp-content\/uploads\/2014\/05\/Man\u00f3-tanya.jpg 375w\" sizes=\"(max-width: 181px) 100vw, 181px\" \/><\/a><\/td>\n<td style=\"text-align: center;\">\n<p><a href=\"http:\/\/en.fotoalbum.eu\/szulokhaza\/a848999\" target=\"_blank\" rel=\"noopener\">N\u00e9pm\u0171v\u00e9szeti t\u00e1bor<\/a><\/p>\n<p><a href=\"http:\/\/szulokhaza.hu\/gyor\/wp-content\/uploads\/2015\/07\/n\u00e9pm\u0171v\u00e9szeti.jpg\"><img loading=\"lazy\" decoding=\"async\" class=\"aligncenter wp-image-3444\" src=\"http:\/\/szulokhaza.hu\/gyor\/wp-content\/uploads\/2015\/07\/n\u00e9pm\u0171v\u00e9szeti-300x212.jpg\" alt=\"\" width=\"256\" height=\"181\" srcset=\"https:\/\/szulokhaza.hu\/gyor\/wp-content\/uploads\/2015\/07\/n\u00e9pm\u0171v\u00e9szeti.jpg 300w, https:\/\/szulokhaza.hu\/gyor\/wp-content\/uploads\/2015\/07\/n\u00e9pm\u0171v\u00e9szeti-20x14.jpg 20w\" sizes=\"(max-width: 256px) 100vw, 256px\" \/><\/a><\/td>\n<\/tr>\n<tr>\n<td style=\"text-align: center;\"><a href=\"http:\/\/en.fotoalbum.eu\/szulokhaza\/a848687\" target=\"_blank\" rel=\"noopener\">Sport t\u00e1bor<\/a><br \/>\n<a href=\"http:\/\/szulokhaza.hu\/gyor\/wp-content\/uploads\/2015\/06\/DSCN3210.jpg\"><img loading=\"lazy\" decoding=\"async\" class=\"aligncenter wp-image-3429\" src=\"http:\/\/szulokhaza.hu\/gyor\/wp-content\/uploads\/2015\/06\/DSCN3210-225x300.jpg\" alt=\"DSCN3210\" width=\"160\" height=\"214\" srcset=\"https:\/\/szulokhaza.hu\/gyor\/wp-content\/uploads\/2015\/06\/DSCN3210.jpg 225w, https:\/\/szulokhaza.hu\/gyor\/wp-content\/uploads\/2015\/06\/DSCN3210-15x20.jpg 15w\" sizes=\"(max-width: 160px) 100vw, 160px\" \/><\/a><\/td>\n<td style=\"text-align: center;\"><a href=\"http:\/\/en.fotoalbum.eu\/szulokhaza\/a848243\" target=\"_blank\" rel=\"noopener\">Sz\u00ednh\u00e1zi t\u00e1bor<\/a><br \/>\n<a href=\"http:\/\/szulokhaza.hu\/gyor\/wp-content\/uploads\/2014\/08\/DSCN2862-kicsi.jpg\"><img loading=\"lazy\" decoding=\"async\" class=\" wp-image-3418 aligncenter\" src=\"http:\/\/szulokhaza.hu\/gyor\/wp-content\/uploads\/2014\/08\/DSCN2862-kicsi-300x225.jpg\" alt=\"DSCN2862-kicsi\" width=\"219\" height=\"164\" srcset=\"https:\/\/szulokhaza.hu\/gyor\/wp-content\/uploads\/2014\/08\/DSCN2862-kicsi.jpg 300w, https:\/\/szulokhaza.hu\/gyor\/wp-content\/uploads\/2014\/08\/DSCN2862-kicsi-20x15.jpg 20w\" sizes=\"(max-width: 219px) 100vw, 219px\" \/><\/a><\/td>\n<td style=\"text-align: center;\">\n<p><a title=\"varazsjatszo\" href=\"http:\/\/en.fotoalbum.eu\/szulokhaza\" target=\"_blank\" rel=\"noopener\">Var\u00e1zsj\u00e1tsz\u00f3h\u00e1z<\/a><\/p>\n<p><a title=\"varazsjatszo\" href=\"http:\/\/en.fotoalbum.eu\/szulokhaza\" target=\"_blank\" rel=\"noopener\"><img loading=\"lazy\" decoding=\"async\" class=\" wp-image-3178 aligncenter\" src=\"http:\/\/szulokhaza.hu\/gyor\/wp-content\/uploads\/2015\/03\/honlap-231x300.jpg\" alt=\"honlap\" width=\"153\" height=\"199\" srcset=\"https:\/\/szulokhaza.hu\/gyor\/wp-content\/uploads\/2015\/03\/honlap.jpg 231w, https:\/\/szulokhaza.hu\/gyor\/wp-content\/uploads\/2015\/03\/honlap-15x20.jpg 15w\" sizes=\"(max-width: 153px) 100vw, 153px\" \/><\/a><\/td>\n<\/tr>\n<tr>\n<td style=\"text-align: center;\">\n<p><a href=\"http:\/\/hu.fotoalbum.eu\/szulokhaza\/a839282\"><span style=\"text-decoration: underline;\">Farsang<\/span><\/a><\/p>\n<p><a href=\"http:\/\/hu.fotoalbum.eu\/szulokhaza\/a839282\"><img loading=\"lazy\" decoding=\"async\" class=\" wp-image-3085 aligncenter\" src=\"http:\/\/szulokhaza.hu\/gyor\/wp-content\/uploads\/2014\/08\/farsang4-300x246.jpg\" alt=\"farsang\" width=\"210\" height=\"172\" \/><\/a><\/td>\n<td style=\"text-align: center;\">\n<p><a href=\"http:\/\/hu.fotoalbum.eu\/szulokhaza\/a835997\">J\u00f3t\u00e9konys\u00e1gi\u00a0napunk<\/a><\/p>\n<p><a href=\"http:\/\/hu.fotoalbum.eu\/szulokhaza\/a835997\"><img loading=\"lazy\" decoding=\"async\" class=\" size-full wp-image-2875 aligncenter\" src=\"http:\/\/szulokhaza.hu\/gyor\/wp-content\/uploads\/2014\/08\/j\u00f3t\u00e9konys\u00e1g.jpg\" alt=\"j\u00f3t\u00e9konys\u00e1g\" width=\"200\" height=\"173\" srcset=\"https:\/\/szulokhaza.hu\/gyor\/wp-content\/uploads\/2014\/08\/j\u00f3t\u00e9konys\u00e1g.jpg 200w, https:\/\/szulokhaza.hu\/gyor\/wp-content\/uploads\/2014\/08\/j\u00f3t\u00e9konys\u00e1g-20x17.jpg 20w\" sizes=\"(max-width: 200px) 100vw, 200px\" \/><\/a><\/td>\n<td>\n<p style=\"text-align: center;\"><a href=\"http:\/\/hu.fotoalbum.eu\/szulokhaza\/a835996\">Sz\u00fcl\u0151k H\u00e1za Mikul\u00e1s<\/a><\/p>\n<p><a href=\"http:\/\/hu.fotoalbum.eu\/szulokhaza\/a835996\"><img loading=\"lazy\" decoding=\"async\" class=\" size-full wp-image-2869 aligncenter\" src=\"http:\/\/szulokhaza.hu\/gyor\/wp-content\/uploads\/2014\/08\/mikul\u00e1s.jpg\" alt=\"mikul\u00e1s\" width=\"200\" height=\"184\" \/><\/a><\/td>\n<\/tr>\n<tr>\n<td>\n<p style=\"text-align: center;\"><a href=\"http:\/\/hu.fotoalbum.eu\/szulokhaza\/a821650\"><span style=\"text-decoration: underline;\">Zenet\u00e1bor 2014.<\/span><\/a><\/p>\n<p><a href=\"http:\/\/hu.fotoalbum.eu\/szulokhaza\/a821650\"><img loading=\"lazy\" decoding=\"async\" class=\" size-full wp-image-2872 aligncenter\" src=\"http:\/\/szulokhaza.hu\/gyor\/wp-content\/uploads\/2014\/08\/zenet\u00e1bor-1.jpg\" alt=\"zenet\u00e1bor 1\" width=\"200\" height=\"183\" \/><\/a><\/td>\n<td style=\"text-align: center;\">\n<p><span style=\"text-decoration: underline;\"><a href=\"http:\/\/hu.fotoalbum.eu\/szulokhaza\/a820956\">Disney t\u00e1bor 2014.<\/a><\/span><\/p>\n<p><span style=\"text-decoration: underline;\"><a href=\"http:\/\/hu.fotoalbum.eu\/szulokhaza\/a820956\"><img loading=\"lazy\" decoding=\"async\" class=\" size-full wp-image-2874 aligncenter\" src=\"http:\/\/szulokhaza.hu\/gyor\/wp-content\/uploads\/2014\/08\/disney-t\u00e1bor.jpg\" alt=\"disney t\u00e1bor\" width=\"200\" height=\"173\" srcset=\"https:\/\/szulokhaza.hu\/gyor\/wp-content\/uploads\/2014\/08\/disney-t\u00e1bor.jpg 200w, https:\/\/szulokhaza.hu\/gyor\/wp-content\/uploads\/2014\/08\/disney-t\u00e1bor-20x17.jpg 20w\" sizes=\"(max-width: 200px) 100vw, 200px\" \/><\/a><\/span><\/td>\n<td style=\"text-align: center;\">\n<p><span style=\"text-decoration: underline;\"><a href=\"http:\/\/hu.fotoalbum.eu\/szulokhaza\/a821668\">Zenet\u00e1bor 2014.<\/a><\/span><\/p>\n<p><span style=\"text-decoration: underline;\"><a href=\"http:\/\/hu.fotoalbum.eu\/szulokhaza\/a821668\"><img loading=\"lazy\" decoding=\"async\" class=\" size-full wp-image-2873 aligncenter\" src=\"http:\/\/szulokhaza.hu\/gyor\/wp-content\/uploads\/2014\/08\/zenet\u00e1bor-2..jpg\" alt=\"zenet\u00e1bor 2.\" width=\"200\" height=\"184\" srcset=\"https:\/\/szulokhaza.hu\/gyor\/wp-content\/uploads\/2014\/08\/zenet\u00e1bor-2..jpg 200w, https:\/\/szulokhaza.hu\/gyor\/wp-content\/uploads\/2014\/08\/zenet\u00e1bor-2.-20x18.jpg 20w\" sizes=\"(max-width: 200px) 100vw, 200px\" \/><\/a><\/span><\/td>\n<\/tr>\n<\/tbody>\n<\/table>\n<\/div>\n","protected":false},"excerpt":{"rendered":"<p>Zenet\u00e1bor Nyelvi t\u00e1bor Term\u00e9szetb\u00fav\u00e1r t\u00e1bor Disney t\u00e1bor N\u00e9pm\u0171v\u00e9szeti t\u00e1bor Sport t\u00e1bor Sz\u00ednh\u00e1zi t\u00e1bor Var\u00e1zsj\u00e1tsz\u00f3h\u00e1z Farsang J\u00f3t\u00e9konys\u00e1gi\u00a0napunk Sz\u00fcl\u0151k H\u00e1za Mikul\u00e1s Zenet\u00e1bor 2014. Disney t\u00e1bor 2014. Zenet\u00e1bor 2014.<\/p>\n","protected":false},"author":2561,"featured_media":0,"parent":0,"menu_order":0,"comment_status":"closed","ping_status":"closed","template":"","meta":{"_seopress_robots_primary_cat":"","_seopress_titles_title":"","_seopress_titles_desc":"","_seopress_robots_index":"","_et_pb_use_builder":"","_et_pb_old_content":"","_et_gb_content_width":"","footnotes":""},"class_list":["post-485","page","type-page","status-publish","hentry"],"_links":{"self":[{"href":"https:\/\/szulokhaza.hu\/gyor\/wp-json\/wp\/v2\/pages\/485","targetHints":{"allow":["GET"]}}],"collection":[{"href":"https:\/\/szulokhaza.hu\/gyor\/wp-json\/wp\/v2\/pages"}],"about":[{"href":"https:\/\/szulokhaza.hu\/gyor\/wp-json\/wp\/v2\/types\/page"}],"author":[{"embeddable":true,"href":"https:\/\/szulokhaza.hu\/gyor\/wp-json\/wp\/v2\/users\/2561"}],"replies":[{"embeddable":true,"href":"https:\/\/szulokhaza.hu\/gyor\/wp-json\/wp\/v2\/comments?post=485"}],"version-history":[{"count":0,"href":"https:\/\/szulokhaza.hu\/gyor\/wp-json\/wp\/v2\/pages\/485\/revisions"}],"wp:attachment":[{"href":"https:\/\/szulokhaza.hu\/gyor\/wp-json\/wp\/v2\/media?parent=485"}],"curies":[{"name":"wp","href":"https:\/\/api.w.org\/{rel}","templated":true}]}}