{"id":5575,"date":"2016-10-27T14:59:10","date_gmt":"2016-10-27T12:59:10","guid":{"rendered":"http:\/\/szulokhaza.hu\/gyor\/?page_id=5575"},"modified":"2022-06-24T11:27:16","modified_gmt":"2022-06-24T09:27:16","slug":"pizsiparty","status":"publish","type":"page","link":"https:\/\/szulokhaza.hu\/gyor\/pizsiparty\/","title":{"rendered":"Pizsiparti"},"content":{"rendered":"<p>[et_pb_section fb_built=&#8221;1&#8243; admin_label=&#8221;section&#8221; _builder_version=&#8221;4.16&#8243; global_colors_info=&#8221;{}&#8221;][et_pb_row admin_label=&#8221;row&#8221; _builder_version=&#8221;4.16&#8243; background_size=&#8221;initial&#8221; background_position=&#8221;top_left&#8221; background_repeat=&#8221;repeat&#8221; global_colors_info=&#8221;{}&#8221;][et_pb_column type=&#8221;4_4&#8243; _builder_version=&#8221;4.16&#8243; custom_padding=&#8221;|||&#8221; global_colors_info=&#8221;{}&#8221; custom_padding__hover=&#8221;|||&#8221;][et_pb_text admin_label=&#8221;Text&#8221; _builder_version=&#8221;4.16&#8243; background_size=&#8221;initial&#8221; background_position=&#8221;top_left&#8221; background_repeat=&#8221;repeat&#8221; global_colors_info=&#8221;{}&#8221;]<\/p>\n<p><a href=\"https:\/\/szulokhaza.hu\/gyor\/wp-content\/uploads\/2016\/10\/5.jpg\" rel=\"attachment wp-att-5576\"><img loading=\"lazy\" decoding=\"async\" class=\"alignleft size-medium wp-image-5576\" src=\"https:\/\/szulokhaza.hu\/gyor\/wp-content\/uploads\/2016\/10\/5-300x187.jpg\" alt=\"\" width=\"300\" height=\"187\" srcset=\"https:\/\/szulokhaza.hu\/gyor\/wp-content\/uploads\/2016\/10\/5-300x187.jpg 300w, https:\/\/szulokhaza.hu\/gyor\/wp-content\/uploads\/2016\/10\/5-400x250.jpg 400w, https:\/\/szulokhaza.hu\/gyor\/wp-content\/uploads\/2016\/10\/5-20x12.jpg 20w, https:\/\/szulokhaza.hu\/gyor\/wp-content\/uploads\/2016\/10\/5.jpg 482w\" sizes=\"(max-width: 300px) 100vw, 300px\" \/><\/a><\/p>\n<p>Ugye Ti is szeretn\u00e9tek a bar\u00e1tokkal,oszt\u00e1lyt\u00e1rsakkal egy\u00fctt lenni, j\u00e1tszani \u00e9s valahol m\u00e1shol aludni, mint otthon???!!!<\/p>\n<p><strong>Ezt most megtehetitek!!! N\u00c1LUNK!!!! &#x1f642;<\/strong><br \/>Izgalmasan hangzik??!!!!Nem kell m\u00e1s, mint n\u00e9h\u00e1ny j\u00f3 bar\u00e1t,\u00e9s m\u00e1r kezd\u0151dhet is a SZ\u00d3RAKOZ\u00c1S!!!!<\/p>\n<p>&nbsp;<\/p>\n<p>Kedves Anyuk\u00e1k,Apuk\u00e1k!<\/p>\n<div class=\"text_exposed_show\">\n<p>Ha szeretn\u00e9tek,elmenni sz\u00ednh\u00e1zba, moziba, vagy v\u00e9gre \u00fajra kettesben t\u00f6lteni egy est\u00e9t \u00fagy, hogy k\u00f6zben a gyermeketek is remek\u00fcl sz\u00f3rakozik, akkor a megold\u00e1s a <strong>Sz\u00fcl\u0151k H\u00e1za Pizsamaparti<\/strong>!<\/p>\n<p><strong>A PIZSIPARTI tartalma:<\/strong><\/p>\n<ul>\n<li>a j\u00e1tsz\u00f3h\u00e1z kiz\u00e1r\u00f3lagos\u00a0haszn\u00e1lata<\/li>\n<li>2 f\u0151 h\u00e1ziasszony<\/li>\n<li><strong>Zen\u00e9s t\u00e1ncos foglalkoz\u00e1s divatos sl\u00e1gerekkel<\/strong>:\u00a0 Vicces koreogr\u00e1fia betanul\u00e1sa, \u00fajs\u00e1gos t\u00e1nc, lufis t\u00e1nc, kacsat\u00e1nc, mini diszk\u00f3\u2026<\/li>\n<li>az alv\u00e1shoz minden biztos\u00edtott (esetleg alv\u00f3s kedvencet hozzatok, ha sz\u00fcks\u00e9ges)<\/li>\n<\/ul>\n<p>\u00c1ra: 75.000.- forint \/ alkalom (maximum 14 gyerk\u0151c)<\/p>\n<p><strong>Snack vacsora \u00e9s reggeli<\/strong><\/p>\n<p>\u00c1ra:1.500.- Ft gyerekenk\u00e9nt\u00a0<\/p>\n<p>&nbsp;<\/p>\n<p><strong>EXTRA SZ\u00c9PS\u00c9GKUCK\u00d3 PROGRAMOK <\/strong>(1.000.- forint \/ f\u0151)<strong>:<\/strong><\/p>\n<p>&nbsp;<\/p>\n<ul>\n<li>Sminkes este<\/li>\n<li>Fodr\u00e1szm\u0171hely<\/li>\n<li>Manik\u0171r szalon<\/li>\n<li>Csill\u00e1mtetov\u00e1l\u00e1s<\/li>\n<\/ul>\n<p><strong>JOKER csomag:<\/strong><\/p>\n<p>Tervezd meg saj\u00e1t egyedi pizsamapartidat, besz\u00e9lj\u00fck meg, hogy mit szeretn\u00e9l!<br \/>(Egyedi \u00e1rkalkul\u00e1ci\u00f3)<\/p>\n<p>Keressetek Benn\u00fcnket <a href=\"https:\/\/szulokhaza.hu\/gyor\/kapcsolat\/\" target=\"_blank\" rel=\"noopener\">el\u00e9rhet\u0151s\u00e9geink <\/a>b\u00e1rmelyik\u00e9n!<\/p>\n<\/div>\n<p>[\/et_pb_text][\/et_pb_column][\/et_pb_row][\/et_pb_section]<\/p>\n","protected":false},"excerpt":{"rendered":"<p>Ugye Ti is szeretn\u00e9tek a bar\u00e1tokkal,oszt\u00e1lyt\u00e1rsakkal egy\u00fctt lenni, j\u00e1tszani \u00e9s valahol m\u00e1shol aludni, mint otthon???!!! Ezt most megtehetitek!!! N\u00c1LUNK!!!! &#x1f642;Izgalmasan hangzik??!!!!Nem kell m\u00e1s, mint n\u00e9h\u00e1ny j\u00f3 bar\u00e1t,\u00e9s m\u00e1r kezd\u0151dhet is a SZ\u00d3RAKOZ\u00c1S!!!! &nbsp; Kedves Anyuk\u00e1k,Apuk\u00e1k! Ha szeretn\u00e9tek,elmenni sz\u00ednh\u00e1zba, moziba, vagy v\u00e9gre \u00fajra kettesben t\u00f6lteni egy est\u00e9t \u00fagy, hogy k\u00f6zben a gyermeketek is remek\u00fcl sz\u00f3rakozik, akkor [&hellip;]<\/p>\n","protected":false},"author":2561,"featured_media":0,"parent":0,"menu_order":0,"comment_status":"closed","ping_status":"closed","template":"","meta":{"_seopress_robots_primary_cat":"","_seopress_titles_title":"","_seopress_titles_desc":"","_seopress_robots_index":"","_et_pb_use_builder":"on","_et_pb_old_content":"<a href=\"http:\/\/szulokhaza.hu\/gyor\/wp-content\/uploads\/2016\/10\/5.jpg\" rel=\"attachment wp-att-5576\"><img class=\"alignleft size-medium wp-image-5576\" src=\"http:\/\/szulokhaza.hu\/gyor\/wp-content\/uploads\/2016\/10\/5-300x187.jpg\" alt=\"\" width=\"300\" height=\"187\" \/><\/a>\r\n\r\nUgye Ti is szeretn\u00e9tek a bar\u00e1tokkal,oszt\u00e1lyt\u00e1rsakkal egy\u00fctt lenni, j\u00e1tszani \u00e9s valahol m\u00e1shol aludni, mint otthon???!!!\r\n\r\n<strong>Ezt most megtehetitek!!! N\u00c1LUNK!!!! &#x1f642;<\/strong>\r\nIzgalmasan hangzik??!!!!Nem kell m\u00e1s, mint n\u00e9h\u00e1ny j\u00f3 bar\u00e1t,\u00e9s m\u00e1r kezd\u0151dhet is a SZ\u00d3RAKOZ\u00c1S!!!!\r\n\r\n&nbsp;\r\n\r\nKedves Anyuk\u00e1k,Apuk\u00e1k!\r\n<div class=\"text_exposed_show\">\r\n\r\nHa szeretn\u00e9tek,elmenni sz\u00ednh\u00e1zba, moziba, vagy v\u00e9gre \u00fajra kettesben t\u00f6lteni egy est\u00e9t \u00fagy, hogy k\u00f6zben a gyermeketek is remek\u00fcl sz\u00f3rakozik, akkor a megold\u00e1s a <strong>Sz\u00fcl\u0151k H\u00e1za Pizsamaparti<\/strong>!\r\n\r\n<strong>A PIZSIPARTI tartalma:<\/strong>\r\n<ul>\r\n \t<li>a j\u00e1tsz\u00f3h\u00e1z kiz\u00e1r\u00f3lagos\u00a0haszn\u00e1lata<\/li>\r\n \t<li>2 f\u0151 h\u00e1ziasszony<\/li>\r\n \t<li><strong>Zen\u00e9s t\u00e1ncos foglalkoz\u00e1s divatos sl\u00e1gerekkel<\/strong>:\u00a0 Vicces koreogr\u00e1fia betanul\u00e1sa, \u00fajs\u00e1gos t\u00e1nc, lufis t\u00e1nc, kacsat\u00e1nc, mini diszk\u00f3\u2026<\/li>\r\n \t<li>az alv\u00e1shoz minden biztos\u00edtott (esetleg alv\u00f3s kedvencet hozzatok, ha sz\u00fcks\u00e9ges)<\/li>\r\n<\/ul>\r\n\u00c1ra: 75.000.- forint \/ alkalom (maximum 14 gyerk\u0151c)\r\n\r\n<strong>EXTRA SZ\u00c9PS\u00c9GKUCK\u00d3 PROGRAMOK <\/strong>(1.000.- forint \/ f\u0151)<strong>:<\/strong>\r\n\r\n&nbsp;\r\n<ul>\r\n \t<li>Sminkes este<\/li>\r\n \t<li>Fodr\u00e1szm\u0171hely<\/li>\r\n \t<li>Manik\u0171r szalon<\/li>\r\n \t<li>Csill\u00e1mtetov\u00e1l\u00e1s<\/li>\r\n<\/ul>\r\n<strong>JOKER csomag:<\/strong>\r\n\r\nTervezd meg saj\u00e1t egyedi pizsamapartidat, besz\u00e9lj\u00fck meg, hogy mit szeretn\u00e9l!\r\n(Egyedi \u00e1rkalkul\u00e1ci\u00f3)\r\n\r\nKeressetek Benn\u00fcnket <a href=\"http:\/\/szulokhaza.hu\/gyor\/kapcsolat\/\" target=\"_blank\" rel=\"noopener\">el\u00e9rhet\u0151s\u00e9geink <\/a>b\u00e1rmelyik\u00e9n!\r\n\r\n<\/div>","_et_gb_content_width":"","footnotes":""},"class_list":["post-5575","page","type-page","status-publish","hentry"],"_links":{"self":[{"href":"https:\/\/szulokhaza.hu\/gyor\/wp-json\/wp\/v2\/pages\/5575","targetHints":{"allow":["GET"]}}],"collection":[{"href":"https:\/\/szulokhaza.hu\/gyor\/wp-json\/wp\/v2\/pages"}],"about":[{"href":"https:\/\/szulokhaza.hu\/gyor\/wp-json\/wp\/v2\/types\/page"}],"author":[{"embeddable":true,"href":"https:\/\/szulokhaza.hu\/gyor\/wp-json\/wp\/v2\/users\/2561"}],"replies":[{"embeddable":true,"href":"https:\/\/szulokhaza.hu\/gyor\/wp-json\/wp\/v2\/comments?post=5575"}],"version-history":[{"count":5,"href":"https:\/\/szulokhaza.hu\/gyor\/wp-json\/wp\/v2\/pages\/5575\/revisions"}],"predecessor-version":[{"id":8120,"href":"https:\/\/szulokhaza.hu\/gyor\/wp-json\/wp\/v2\/pages\/5575\/revisions\/8120"}],"wp:attachment":[{"href":"https:\/\/szulokhaza.hu\/gyor\/wp-json\/wp\/v2\/media?parent=5575"}],"curies":[{"name":"wp","href":"https:\/\/api.w.org\/{rel}","templated":true}]}}