{"id":6013,"date":"2018-06-05T15:56:15","date_gmt":"2018-06-05T13:56:15","guid":{"rendered":"http:\/\/szulokhaza.hu\/gyor\/?page_id=6013"},"modified":"2022-11-28T12:29:05","modified_gmt":"2022-11-28T11:29:05","slug":"csak","status":"publish","type":"page","link":"https:\/\/szulokhaza.hu\/gyor\/csak\/","title":{"rendered":"CSAK"},"content":{"rendered":"<p>[et_pb_section fb_built=&#8221;1&#8243; _builder_version=&#8221;4.16&#8243; global_colors_info=&#8221;{}&#8221;][et_pb_row column_structure=&#8221;3_4,1_4&#8243; admin_label=&#8221;row&#8221; _builder_version=&#8221;4.16&#8243; background_size=&#8221;initial&#8221; background_position=&#8221;top_left&#8221; background_repeat=&#8221;repeat&#8221; max_width=&#8221;1080px&#8221; global_colors_info=&#8221;{}&#8221;][et_pb_column type=&#8221;3_4&#8243; _builder_version=&#8221;4.16&#8243; custom_padding=&#8221;|||&#8221; global_colors_info=&#8221;{}&#8221; custom_padding__hover=&#8221;|||&#8221;][et_pb_slider _builder_version=&#8221;4.16&#8243; header_text_color=&#8221;#000000&#8243; body_text_color=&#8221;#222222&#8243; background_position=&#8221;top_left&#8221; custom_button=&#8221;on&#8221; button_text_color=&#8221;#222222&#8243; button_border_color=&#8221;#222222&#8243; custom_padding=&#8221;|||&#8221; auto=&#8221;on&#8221; auto_speed=&#8221;5000&#8243; custom_css_main_element=&#8221;.et_pb_bg_layout_dark, .et_pb_bg_layout_dark h2 {color:#999}&#8221; global_colors_info=&#8221;{}&#8221; button_text_size__hover_enabled=&#8221;off&#8221; button_text_size__hover=&#8221;null&#8221; button_one_text_size__hover_enabled=&#8221;off&#8221; button_one_text_size__hover=&#8221;null&#8221; button_two_text_size__hover_enabled=&#8221;off&#8221; button_two_text_size__hover=&#8221;null&#8221; button_text_color__hover_enabled=&#8221;off&#8221; button_text_color__hover=&#8221;null&#8221; button_one_text_color__hover_enabled=&#8221;off&#8221; button_one_text_color__hover=&#8221;null&#8221; button_two_text_color__hover_enabled=&#8221;off&#8221; button_two_text_color__hover=&#8221;null&#8221; button_border_width__hover_enabled=&#8221;off&#8221; button_border_width__hover=&#8221;null&#8221; button_one_border_width__hover_enabled=&#8221;off&#8221; button_one_border_width__hover=&#8221;null&#8221; button_two_border_width__hover_enabled=&#8221;off&#8221; button_two_border_width__hover=&#8221;null&#8221; button_border_color__hover_enabled=&#8221;off&#8221; button_border_color__hover=&#8221;null&#8221; button_one_border_color__hover_enabled=&#8221;off&#8221; button_one_border_color__hover=&#8221;null&#8221; button_two_border_color__hover_enabled=&#8221;off&#8221; button_two_border_color__hover=&#8221;null&#8221; button_border_radius__hover_enabled=&#8221;off&#8221; button_border_radius__hover=&#8221;null&#8221; button_one_border_radius__hover_enabled=&#8221;off&#8221; button_one_border_radius__hover=&#8221;null&#8221; button_two_border_radius__hover_enabled=&#8221;off&#8221; button_two_border_radius__hover=&#8221;null&#8221; button_letter_spacing__hover_enabled=&#8221;off&#8221; button_letter_spacing__hover=&#8221;null&#8221; button_one_letter_spacing__hover_enabled=&#8221;off&#8221; button_one_letter_spacing__hover=&#8221;null&#8221; button_two_letter_spacing__hover_enabled=&#8221;off&#8221; button_two_letter_spacing__hover=&#8221;null&#8221; button_bg_color__hover_enabled=&#8221;off&#8221; button_bg_color__hover=&#8221;null&#8221; button_one_bg_color__hover_enabled=&#8221;off&#8221; button_one_bg_color__hover=&#8221;null&#8221; button_two_bg_color__hover_enabled=&#8221;off&#8221; button_two_bg_color__hover=&#8221;null&#8221;][et_pb_slide heading=&#8221;Csal\u00e1d \u00e9s KarrierPONT&#8221; button_text=&#8221;Megnyitottunk!&#8221; button_link=&#8221;https:\/\/szulokhaza.hu\/gyor\/csak\/szolgaltatasok\/&#8221; use_bg_overlay=&#8221;off&#8221; use_text_overlay=&#8221;off&#8221; _builder_version=&#8221;4.16&#8243; header_level=&#8221;h1&#8243; header_font=&#8221;|on|||&#8221; header_text_color=&#8221;#81d742&#8243; background_color=&#8221;#ffffff&#8221; background_image=&#8221;https:\/\/szulokhaza.hu\/gyor\/wp-content\/uploads\/2015\/09\/csaladi-001.jpg&#8221; background_position=&#8221;top_center&#8221; button_on_hover=&#8221;on&#8221; global_colors_info=&#8221;{}&#8221; button_text_size__hover_enabled=&#8221;off&#8221; button_one_text_size__hover_enabled=&#8221;off&#8221; button_two_text_size__hover_enabled=&#8221;off&#8221; button_text_color__hover_enabled=&#8221;off&#8221; button_one_text_color__hover_enabled=&#8221;off&#8221; button_two_text_color__hover_enabled=&#8221;off&#8221; button_border_width__hover_enabled=&#8221;off&#8221; button_one_border_width__hover_enabled=&#8221;off&#8221; button_two_border_width__hover_enabled=&#8221;off&#8221; button_border_color__hover_enabled=&#8221;off&#8221; button_one_border_color__hover_enabled=&#8221;off&#8221; button_two_border_color__hover_enabled=&#8221;off&#8221; button_border_radius__hover_enabled=&#8221;off&#8221; button_one_border_radius__hover_enabled=&#8221;off&#8221; button_two_border_radius__hover_enabled=&#8221;off&#8221; button_letter_spacing__hover_enabled=&#8221;off&#8221; button_one_letter_spacing__hover_enabled=&#8221;off&#8221; button_two_letter_spacing__hover_enabled=&#8221;off&#8221; button_bg_color__hover_enabled=&#8221;off&#8221; button_one_bg_color__hover_enabled=&#8221;off&#8221; button_two_bg_color__hover_enabled=&#8221;off&#8221; sticky_transition=&#8221;on&#8221;][\/et_pb_slide][\/et_pb_slider][\/et_pb_column][et_pb_column type=&#8221;1_4&#8243; _builder_version=&#8221;4.16&#8243; custom_padding=&#8221;|||&#8221; global_colors_info=&#8221;{}&#8221; custom_padding__hover=&#8221;|||&#8221;][et_pb_image src=&#8221;https:\/\/szulokhaza.hu\/gyor\/wp-content\/uploads\/2019\/08\/infoblokk_kedv_final_felso_cmyk_ESZA_150.png&#8221; url=&#8221;https:\/\/szulokhaza.hu\/gyor\/csak\/&#8221; url_new_window=&#8221;on&#8221; align_tablet=&#8221;center&#8221; align_phone=&#8221;&#8221; align_last_edited=&#8221;on|desktop&#8221; module_class=&#8221;fixposition&#8221; _builder_version=&#8221;4.16&#8243; z_index_tablet=&#8221;500&#8243; custom_css_main_element=&#8221;max-width: 300px;||position:fixed;||top: 150px;||right: 0px;||z-index: 99999 !important;&#8221; box_shadow_horizontal_tablet=&#8221;0px&#8221; box_shadow_vertical_tablet=&#8221;0px&#8221; box_shadow_blur_tablet=&#8221;40px&#8221; box_shadow_spread_tablet=&#8221;0px&#8221; global_colors_info=&#8221;{}&#8221;]<br \/>\n[\/et_pb_image][\/et_pb_column][\/et_pb_row][et_pb_row _builder_version=&#8221;4.16&#8243; background_size=&#8221;initial&#8221; background_position=&#8221;top_left&#8221; background_repeat=&#8221;repeat&#8221; global_colors_info=&#8221;{}&#8221;][et_pb_column type=&#8221;4_4&#8243; _builder_version=&#8221;4.16&#8243; custom_padding=&#8221;|||&#8221; global_colors_info=&#8221;{}&#8221; custom_padding__hover=&#8221;|||&#8221;][et_pb_text _builder_version=&#8221;4.19.1&#8243; hover_enabled=&#8221;0&#8243; global_colors_info=&#8221;{}&#8221; sticky_enabled=&#8221;0&#8243;]<\/p>\n<h1 style=\"text-align: center;\">Csal\u00e1d \u00e9s KarrierPONT Gy\u0151rben<\/h1>\n<div>\u00a0<\/div>\n<div>\n<p>A Sz\u00fcl\u0151k H\u00e1za-Gy\u0151r Konzorcium sikerrel p\u00e1ly\u00e1zott az Emberi Er\u0151forr\u00e1s Fejleszt\u00e9si Operat\u00edv Program keret\u00e9ben meghirdetett\u00a0EFOP-1.2.9-17 k\u00f3dsz\u00e1m\u00fa\u00a0\u201eN\u0151k a csal\u00e1dban \u00e9s a munkahelyen\u201d c\u00edm\u0171 felh\u00edv\u00e1sra. A projekt az Eur\u00f3pai Szoci\u00e1lis Alap \u00e9s a Magyar \u00c1llam t\u00e1rsfinansz\u00edroz\u00e1s\u00e1val val\u00f3sul meg.<\/p>\n<p>Kedvezm\u00e9nyezett neve:\u00a0Sz\u00fcl\u0151k H\u00e1za-Gy\u0151r Konzorcium<br \/>Konzorcium tagok:\u00a0Kommuni\u00f3 Alap\u00edtv\u00e1ny,\u00a0Sz\u00fcl\u0151k H\u00e1za Alap\u00edtv\u00e1ny,\u00a0Csal\u00e1d- \u00e9s Gyermekj\u00f3l\u00e9ti K\u00f6zpont, Gy\u0151r<br \/>Projekt c\u00edme: Sz\u00fcl\u0151k H\u00e1za N\u0151-K\u00f6z-Pont Gy\u0151rben<br \/>Projekt azonos\u00edt\u00f3 sz\u00e1ma:\u00a0EFOP-1.2.9-17-2017-00091<br \/>A szerz\u0151d\u00f6tt t\u00e1mogat\u00e1s \u00f6sszege:\u00a0199.999.872 Ft<br \/>A t\u00e1mogat\u00e1s m\u00e9rt\u00e9ke: 100%<br \/>A projekt tervezett befejez\u00e9si d\u00e1tuma: 2021.04.29.<\/p>\n<p>A <i>Sz\u00fcl\u0151k H\u00e1za N\u0151-K\u00f6z-Pont l\u00e9trehoz\u00e1sa Gy\u0151rben<\/i> c\u00edm\u0171 projekt a Kommuni\u00f3 Alap\u00edtv\u00e1ny kezdem\u00e9nyez\u00e9se egy olyan t\u00e9rs\u00e9gi munkaer\u0151piaci \u00e1llapot kialak\u00edt\u00e1s\u00e1ra, amely a helyi megold\u00e1sokra \u00e9s egy\u00fcttm\u0171k\u00f6d\u00e9sekre alapozva megk\u00f6nny\u00edti az atipikus munkav\u00e1llal\u00e1st \u00e9s a munkaer\u0151piaci szempontb\u00f3l h\u00e1tr\u00e1nyos helyzet\u0171 n\u0151k munkaer\u0151piacra val\u00f3 gyorsabb visszat\u00e9r\u00e9s\u00e9t. Csakis e c\u00e9lok el\u00e9r\u00e9se \u00e1ltal javulhat a n\u0151k munkaer\u0151piaci helyzete mellett fenntarthat\u00f3 m\u00f3don a csal\u00e1dok anyagi helyzete, illetve a kisgyermekes any\u00e1k t\u00e1rsadalmi preszt\u00edzse, ment\u00e1lhigi\u00e9n\u00e9s \u00e1llapota \u00e9s \u00f6nbecs\u00fcl\u00e9se is.<\/p>\n<p><b>Megnyitottunk!<\/b><\/p>\n<p><b>Az EFOP-1.2.9-17 N\u0151k a csal\u00e1dban \u00e9s a munkahelyen p\u00e1ly\u00e1zat keret\u00e9ben 2018 \u00e9v v\u00e9g\u00e9ig 71 Csal\u00e1d \u00e9s KarrierPONT ny\u00edlik meg Magyarorsz\u00e1g ter\u00fclet\u00e9n.<br \/><\/b><b>B\u00fcszk\u00e9k vagyunk r\u00e1, hogy ezek k\u00f6z\u00fcl az egyik a gy\u0151ri Sz\u00fcl\u0151k H\u00e1za Csal\u00e1d \u00e9s KarrierPONT!<\/b><\/p>\n<p>A k\u00f6zpont 2018. j\u00falius 3-\u00e1n sikeresen teljes\u00edtette az auditot! Nagy munka \u00e1ll m\u00f6g\u00f6tt\u00fcnk, de a Csal\u00e1d \u00e9s KarrierPONT megnyit\u00e1s\u00e1val a t\u00e9nyleges seg\u00edt\u0151 tev\u00e9kenys\u00e9g m\u00e9g csak most kezd\u0151dik!<\/p>\n<p>&nbsp;<\/p>\n<\/div>\n<p>[\/et_pb_text][\/et_pb_column][\/et_pb_row][et_pb_row column_structure=&#8221;1_2,1_2&#8243; _builder_version=&#8221;4.16&#8243; background_size=&#8221;initial&#8221; background_position=&#8221;top_left&#8221; background_repeat=&#8221;repeat&#8221; global_colors_info=&#8221;{}&#8221;][et_pb_column type=&#8221;1_2&#8243; _builder_version=&#8221;4.16&#8243; custom_padding=&#8221;|||&#8221; global_colors_info=&#8221;{}&#8221; custom_padding__hover=&#8221;|||&#8221;][et_pb_image src=&#8221;https:\/\/szulokhaza.hu\/gyor\/wp-content\/uploads\/2018\/07\/csak_szulokhaza_audit.jpg&#8221; align_tablet=&#8221;center&#8221; align_phone=&#8221;&#8221; align_last_edited=&#8221;on|desktop&#8221; _builder_version=&#8221;4.16&#8243; global_colors_info=&#8221;{}&#8221;][\/et_pb_image][\/et_pb_column][et_pb_column type=&#8221;1_2&#8243; _builder_version=&#8221;4.16&#8243; custom_padding=&#8221;|||&#8221; global_colors_info=&#8221;{}&#8221; custom_padding__hover=&#8221;|||&#8221;][et_pb_image src=&#8221;https:\/\/szulokhaza.hu\/gyor\/wp-content\/uploads\/2018\/07\/csak_szulokhaza_siker.jpg&#8221; align_tablet=&#8221;center&#8221; align_phone=&#8221;&#8221; align_last_edited=&#8221;on|desktop&#8221; _builder_version=&#8221;4.16&#8243; global_colors_info=&#8221;{}&#8221;][\/et_pb_image][\/et_pb_column][\/et_pb_row][\/et_pb_section]<\/p>\n","protected":false},"excerpt":{"rendered":"<p>Csal\u00e1d \u00e9s KarrierPONT Gy\u0151rben \u00a0 A Sz\u00fcl\u0151k H\u00e1za-Gy\u0151r Konzorcium sikerrel p\u00e1ly\u00e1zott az Emberi Er\u0151forr\u00e1s Fejleszt\u00e9si Operat\u00edv Program keret\u00e9ben meghirdetett\u00a0EFOP-1.2.9-17 k\u00f3dsz\u00e1m\u00fa\u00a0\u201eN\u0151k a csal\u00e1dban \u00e9s a munkahelyen\u201d c\u00edm\u0171 felh\u00edv\u00e1sra. A projekt az Eur\u00f3pai Szoci\u00e1lis Alap \u00e9s a Magyar \u00c1llam t\u00e1rsfinansz\u00edroz\u00e1s\u00e1val val\u00f3sul meg. Kedvezm\u00e9nyezett neve:\u00a0Sz\u00fcl\u0151k H\u00e1za-Gy\u0151r KonzorciumKonzorcium tagok:\u00a0Kommuni\u00f3 Alap\u00edtv\u00e1ny,\u00a0Sz\u00fcl\u0151k H\u00e1za Alap\u00edtv\u00e1ny,\u00a0Csal\u00e1d- \u00e9s Gyermekj\u00f3l\u00e9ti K\u00f6zpont, Gy\u0151rProjekt c\u00edme: Sz\u00fcl\u0151k H\u00e1za [&hellip;]<\/p>\n","protected":false},"author":2602,"featured_media":0,"parent":0,"menu_order":0,"comment_status":"closed","ping_status":"closed","template":"","meta":{"_seopress_robots_primary_cat":"","_seopress_titles_title":"","_seopress_titles_desc":"","_seopress_robots_index":"","_et_pb_use_builder":"on","_et_pb_old_content":"","_et_gb_content_width":"","footnotes":""},"class_list":["post-6013","page","type-page","status-publish","hentry"],"_links":{"self":[{"href":"https:\/\/szulokhaza.hu\/gyor\/wp-json\/wp\/v2\/pages\/6013","targetHints":{"allow":["GET"]}}],"collection":[{"href":"https:\/\/szulokhaza.hu\/gyor\/wp-json\/wp\/v2\/pages"}],"about":[{"href":"https:\/\/szulokhaza.hu\/gyor\/wp-json\/wp\/v2\/types\/page"}],"author":[{"embeddable":true,"href":"https:\/\/szulokhaza.hu\/gyor\/wp-json\/wp\/v2\/users\/2602"}],"replies":[{"embeddable":true,"href":"https:\/\/szulokhaza.hu\/gyor\/wp-json\/wp\/v2\/comments?post=6013"}],"version-history":[{"count":5,"href":"https:\/\/szulokhaza.hu\/gyor\/wp-json\/wp\/v2\/pages\/6013\/revisions"}],"predecessor-version":[{"id":8314,"href":"https:\/\/szulokhaza.hu\/gyor\/wp-json\/wp\/v2\/pages\/6013\/revisions\/8314"}],"wp:attachment":[{"href":"https:\/\/szulokhaza.hu\/gyor\/wp-json\/wp\/v2\/media?parent=6013"}],"curies":[{"name":"wp","href":"https:\/\/api.w.org\/{rel}","templated":true}]}}