{"id":6085,"date":"2018-09-13T19:05:19","date_gmt":"2018-09-13T17:05:19","guid":{"rendered":"https:\/\/szulokhaza.hu\/gyor\/?page_id=6085"},"modified":"2020-06-04T16:12:09","modified_gmt":"2020-06-04T14:12:09","slug":"programok","status":"publish","type":"page","link":"https:\/\/szulokhaza.hu\/gyor\/csak\/programok\/","title":{"rendered":"Programok"},"content":{"rendered":"<p>[et_pb_section fb_built=&#8221;1&#8243; _builder_version=&#8221;3.22&#8243;][et_pb_row column_structure=&#8221;3_4,1_4&#8243; admin_label=&#8221;INF\u00d3BLOKK&#8221; _builder_version=&#8221;3.25&#8243; background_size=&#8221;initial&#8221; background_position=&#8221;top_left&#8221; background_repeat=&#8221;repeat&#8221; global_module=&#8221;6495&#8243; saved_tabs=&#8221;all&#8221;][et_pb_column type=&#8221;3_4&#8243; _builder_version=&#8221;3.0.47&#8243; custom_padding=&#8221;|||&#8221; custom_padding__hover=&#8221;|||&#8221;][\/et_pb_column][et_pb_column type=&#8221;1_4&#8243; _builder_version=&#8221;3.0.47&#8243; custom_padding=&#8221;|||&#8221; custom_padding__hover=&#8221;|||&#8221;][et_pb_image src=&#8221;https:\/\/szulokhaza.hu\/gyor\/wp-content\/uploads\/2019\/08\/infoblokk_kedv_final_felso_cmyk_ESZA_150.png&#8221; url=&#8221;https:\/\/szulokhaza.hu\/gyor\/csak\/&#8221; url_new_window=&#8221;on&#8221; align_tablet=&#8221;center&#8221; align_phone=&#8221;&#8221; align_last_edited=&#8221;on|desktop&#8221; module_class=&#8221;fixposition&#8221; _builder_version=&#8221;4.4.7&#8243; z_index_tablet=&#8221;500&#8243; custom_css_main_element=&#8221;max-width: 300px;||position:fixed;||top: 150px;||right: 0px;||z-index: 99999 !important;&#8221; box_shadow_horizontal_tablet=&#8221;0px&#8221; box_shadow_vertical_tablet=&#8221;0px&#8221; box_shadow_blur_tablet=&#8221;40px&#8221; box_shadow_spread_tablet=&#8221;0px&#8221;][\/et_pb_image][\/et_pb_column][\/et_pb_row][et_pb_row _builder_version=&#8221;3.25&#8243; background_size=&#8221;initial&#8221; background_position=&#8221;top_left&#8221; background_repeat=&#8221;repeat&#8221;][et_pb_column type=&#8221;4_4&#8243; _builder_version=&#8221;3.25&#8243; custom_padding=&#8221;|||&#8221; custom_padding__hover=&#8221;|||&#8221;][et_pb_image src=&#8221;https:\/\/szulokhaza.hu\/gyor\/wp-content\/uploads\/2020\/04\/92758908_3001765803216920_4842658815461556224_o.jpg&#8221; title_text=&#8221;92758908_3001765803216920_4842658815461556224_o&#8221; align=&#8221;center&#8221; _builder_version=&#8221;4.4.7&#8243; width=&#8221;75%&#8221;][\/et_pb_image][et_pb_image src=&#8221;https:\/\/szulokhaza.hu\/gyor\/wp-content\/uploads\/2020\/02\/M\u00e1rciusi-program-1.png&#8221; title_text=&#8221;M\u00e1rciusi program&#8221; align=&#8221;center&#8221; _builder_version=&#8221;4.4.7&#8243; width=&#8221;75%&#8221;][\/et_pb_image][et_pb_image src=&#8221;https:\/\/szulokhaza.hu\/gyor\/wp-content\/uploads\/2020\/02\/Office-k\u00e9pz\u00e9s-2020.03.07..png&#8221; title_text=&#8221;Office k\u00e9pz\u00e9s 2020.03.07.&#8221; align=&#8221;center&#8221; _builder_version=&#8221;4.4.7&#8243; width=&#8221;75%&#8221;][\/et_pb_image][et_pb_image src=&#8221;https:\/\/szulokhaza.hu\/gyor\/wp-content\/uploads\/2020\/02\/Arcfest\u0151-k\u00e9pz\u00e9s-20200307.png&#8221; title_text=&#8221;Arcfest\u0151 k\u00e9pz\u00e9s 20200307&#8243; align=&#8221;center&#8221; _builder_version=&#8221;4.4.7&#8243; width=&#8221;75%&#8221;][\/et_pb_image][et_pb_image src=&#8221;https:\/\/szulokhaza.hu\/gyor\/wp-content\/uploads\/2020\/02\/Egy\u00e9ni-fejleszt\u00e9s-0313.png&#8221; title_text=&#8221;Egy\u00e9ni fejleszt\u00e9s 0313&#8243; align=&#8221;center&#8221; admin_label=&#8221;K\u00e9p5&#8243; _builder_version=&#8221;4.4.7&#8243; width=&#8221;75%&#8221;][\/et_pb_image][et_pb_image src=&#8221;https:\/\/szulokhaza.hu\/gyor\/wp-content\/uploads\/2020\/02\/P\u00e9nz\u00fcgyi-csal\u00e1dmenedzsment_2020.03.16.png&#8221; title_text=&#8221;P\u00e9nz\u00fcgyi csal\u00e1dmenedzsment_2020.03.16&#8243; align=&#8221;center&#8221; _builder_version=&#8221;4.4.7&#8243; width=&#8221;75%&#8221;][\/et_pb_image][et_pb_image src=&#8221;https:\/\/szulokhaza.hu\/gyor\/wp-content\/uploads\/2020\/02\/Munka-mag\u00e1n\u00e9let-k\u00e9pz\u00e9s-2020.03.17-18.-1.png&#8221; title_text=&#8221;Munka-mag\u00e1n\u00e9let k\u00e9pz\u00e9s 2020.03.17-18. (1)&#8221; align=&#8221;center&#8221; admin_label=&#8221;K\u00e9p1&#8243; _builder_version=&#8221;4.4.7&#8243; width=&#8221;65%&#8221; width_tablet=&#8221;&#8221; width_phone=&#8221;&#8221; width_last_edited=&#8221;on|desktop&#8221;][\/et_pb_image][et_pb_image src=&#8221;https:\/\/szulokhaza.hu\/gyor\/wp-content\/uploads\/2020\/02\/\u00c9nm\u00e1rka-\u00e9p\u00edt\u00e9s-2020.03..png&#8221; title_text=&#8221;\u00c9nm\u00e1rka \u00e9p\u00edt\u00e9s 2020.03.&#8221; align=&#8221;center&#8221; _builder_version=&#8221;4.4.7&#8243; width=&#8221;75%&#8221;][\/et_pb_image][et_pb_image src=&#8221;https:\/\/szulokhaza.hu\/gyor\/wp-content\/uploads\/2020\/02\/Weboldal-fejleszt\u00e9s-1.png&#8221; title_text=&#8221;Weboldal fejleszt\u00e9s (1)&#8221; align=&#8221;center&#8221; _builder_version=&#8221;4.4.7&#8243; width=&#8221;75%&#8221;][\/et_pb_image][et_pb_image src=&#8221;https:\/\/szulokhaza.hu\/gyor\/wp-content\/uploads\/2020\/02\/Febru\u00e1ri-programok-1.png&#8221; title_text=&#8221;Febru\u00e1ri programok (1)&#8221; align=&#8221;center&#8221; _builder_version=&#8221;4.4.7&#8243; width=&#8221;75%&#8221;][\/et_pb_image][et_pb_image src=&#8221;https:\/\/szulokhaza.hu\/gyor\/wp-content\/uploads\/2020\/02\/V\u00e1llalkoz\u00f3-leszek_2020.02.02-21.png&#8221; title_text=&#8221;V\u00e1llalkoz\u00f3 leszek_2020.02.02-21&#8243; align=&#8221;center&#8221; _builder_version=&#8221;4.4.7&#8243; width=&#8221;75%&#8221;][\/et_pb_image][et_pb_image src=&#8221;https:\/\/szulokhaza.hu\/gyor\/wp-content\/uploads\/2020\/02\/Sikeres-n\u0151k.png&#8221; title_text=&#8221;Sikeres n\u0151k&#8221; align=&#8221;center&#8221; admin_label=&#8221;K\u00e9p2&#8243; _builder_version=&#8221;4.4.7&#8243; width=&#8221;75%&#8221;][\/et_pb_image][et_pb_image src=&#8221;https:\/\/szulokhaza.hu\/gyor\/wp-content\/uploads\/2020\/02\/81379729_2803619809698188_4071636143433580544_o.png&#8221; title_text=&#8221;81379729_2803619809698188_4071636143433580544_o&#8221; align=&#8221;center&#8221; _builder_version=&#8221;4.4.7&#8243; width=&#8221;75%&#8221;][\/et_pb_image][et_pb_image src=&#8221;https:\/\/szulokhaza.hu\/gyor\/wp-content\/uploads\/2020\/02\/20200118.png&#8221; title_text=&#8221;20200118&#8243; align=&#8221;center&#8221; _builder_version=&#8221;4.4.7&#8243; width=&#8221;75%&#8221;][\/et_pb_image][et_pb_image src=&#8221;https:\/\/szulokhaza.hu\/gyor\/wp-content\/uploads\/2020\/02\/pet\u0151-ferenc-p\u00e1ly\u00e1zati-tan\u00e1csd\u00f3.png&#8221; title_text=&#8221;pet\u0151 ferenc p\u00e1ly\u00e1zati tan\u00e1csd\u00f3&#8221; align=&#8221;center&#8221; _builder_version=&#8221;4.4.7&#8243; width=&#8221;75%&#8221;][\/et_pb_image][\/et_pb_column][\/et_pb_row][\/et_pb_section]<\/p>\n","protected":false},"excerpt":{"rendered":"","protected":false},"author":2602,"featured_media":0,"parent":6013,"menu_order":0,"comment_status":"closed","ping_status":"closed","template":"","meta":{"_seopress_robots_primary_cat":"","_seopress_titles_title":"","_seopress_titles_desc":"","_seopress_robots_index":"","_et_pb_use_builder":"on","_et_pb_old_content":"<p><a href=\"https:\/\/szulokhaza.hu\/gyor\/wp-content\/uploads\/2020\/04\/92758908_3001765803216920_4842658815461556224_o.jpg\"><img class=\"aligncenter size-full wp-image-6462\" src=\"https:\/\/szulokhaza.hu\/gyor\/wp-content\/uploads\/2020\/04\/92758908_3001765803216920_4842658815461556224_o.jpg\" alt=\"\" width=\"960\" height=\"502\" \/><\/a><a href=\"https:\/\/szulokhaza.hu\/gyor\/wp-content\/uploads\/2020\/02\/M\u00e1rciusi-program-1.png\"><img class=\"aligncenter size-large wp-image-6418\" src=\"https:\/\/szulokhaza.hu\/gyor\/wp-content\/uploads\/2020\/02\/M\u00e1rciusi-program-1-724x1024.png\" alt=\"\" width=\"724\" height=\"1024\" \/><\/a><a href=\"https:\/\/szulokhaza.hu\/gyor\/wp-content\/uploads\/2020\/02\/Office-k\u00e9pz\u00e9s-2020.03.07..png\"><img class=\"aligncenter size-large wp-image-6412\" src=\"https:\/\/szulokhaza.hu\/gyor\/wp-content\/uploads\/2020\/02\/Office-k\u00e9pz\u00e9s-2020.03.07.-724x1024.png\" alt=\"\" width=\"724\" height=\"1024\" \/><\/a><a href=\"https:\/\/szulokhaza.hu\/gyor\/wp-content\/uploads\/2020\/02\/Arcfest\u0151-k\u00e9pz\u00e9s-20200307.png\"><img class=\"aligncenter size-large wp-image-6420\" src=\"https:\/\/szulokhaza.hu\/gyor\/wp-content\/uploads\/2020\/02\/Arcfest\u0151-k\u00e9pz\u00e9s-20200307-724x1024.png\" alt=\"\" width=\"724\" height=\"1024\" \/><\/a><a href=\"https:\/\/szulokhaza.hu\/gyor\/wp-content\/uploads\/2020\/02\/Egy\u00e9ni-fejleszt\u00e9s-0313.png\"><img class=\"aligncenter size-large wp-image-6421\" src=\"https:\/\/szulokhaza.hu\/gyor\/wp-content\/uploads\/2020\/02\/Egy\u00e9ni-fejleszt\u00e9s-0313-1024x1024.png\" alt=\"\" width=\"1024\" height=\"1024\" \/><\/a><a href=\"https:\/\/szulokhaza.hu\/gyor\/wp-content\/uploads\/2020\/02\/P\u00e9nz\u00fcgyi-csal\u00e1dmenedzsment_2020.03.16.png\"><img class=\"aligncenter size-large wp-image-6419\" src=\"https:\/\/szulokhaza.hu\/gyor\/wp-content\/uploads\/2020\/02\/P\u00e9nz\u00fcgyi-csal\u00e1dmenedzsment_2020.03.16-724x1024.png\" alt=\"\" width=\"724\" height=\"1024\" \/><\/a><a href=\"https:\/\/szulokhaza.hu\/gyor\/wp-content\/uploads\/2020\/02\/Munka-mag\u00e1n\u00e9let-k\u00e9pz\u00e9s-2020.03.17-18.-1.png\"><img class=\"aligncenter size-large wp-image-6413\" src=\"https:\/\/szulokhaza.hu\/gyor\/wp-content\/uploads\/2020\/02\/Munka-mag\u00e1n\u00e9let-k\u00e9pz\u00e9s-2020.03.17-18.-1-724x1024.png\" alt=\"\" width=\"724\" height=\"1024\" \/><\/a><a href=\"https:\/\/szulokhaza.hu\/gyor\/wp-content\/uploads\/2020\/02\/\u00c9nm\u00e1rka-\u00e9p\u00edt\u00e9s-2020.03..png\"><img class=\"aligncenter size-large wp-image-6408\" src=\"https:\/\/szulokhaza.hu\/gyor\/wp-content\/uploads\/2020\/02\/\u00c9nm\u00e1rka-\u00e9p\u00edt\u00e9s-2020.03.-724x1024.png\" alt=\"\" width=\"724\" height=\"1024\" \/><\/a><a href=\"https:\/\/szulokhaza.hu\/gyor\/wp-content\/uploads\/2020\/02\/Weboldal-fejleszt\u00e9s-1.png\"><img class=\"aligncenter size-large wp-image-6422\" src=\"https:\/\/szulokhaza.hu\/gyor\/wp-content\/uploads\/2020\/02\/Weboldal-fejleszt\u00e9s-1-724x1024.png\" alt=\"\" width=\"724\" height=\"1024\" \/><\/a><a href=\"https:\/\/szulokhaza.hu\/gyor\/wp-content\/uploads\/2020\/02\/Febru\u00e1ri-programok-1.png\"><img class=\"aligncenter size-large wp-image-6390\" src=\"https:\/\/szulokhaza.hu\/gyor\/wp-content\/uploads\/2020\/02\/Febru\u00e1ri-programok-1-724x1024.png\" alt=\"\" width=\"724\" height=\"1024\" \/><\/a><a href=\"https:\/\/szulokhaza.hu\/gyor\/wp-content\/uploads\/2020\/02\/V\u00e1llalkoz\u00f3-leszek_2020.02.02-21.png\"><img class=\"aligncenter size-large wp-image-6415\" src=\"https:\/\/szulokhaza.hu\/gyor\/wp-content\/uploads\/2020\/02\/V\u00e1llalkoz\u00f3-leszek_2020.02.02-21-724x1024.png\" alt=\"\" width=\"724\" height=\"1024\" \/><\/a><a href=\"https:\/\/szulokhaza.hu\/gyor\/wp-content\/uploads\/2020\/02\/Sikeres-n\u0151k.png\"><img class=\"aligncenter size-large wp-image-6410\" src=\"https:\/\/szulokhaza.hu\/gyor\/wp-content\/uploads\/2020\/02\/Sikeres-n\u0151k-724x1024.png\" alt=\"\" width=\"724\" height=\"1024\" \/><\/a><a href=\"https:\/\/szulokhaza.hu\/gyor\/wp-content\/uploads\/2020\/02\/81379729_2803619809698188_4071636143433580544_o.png\"><img class=\"aligncenter size-full wp-image-6405\" src=\"https:\/\/szulokhaza.hu\/gyor\/wp-content\/uploads\/2020\/02\/81379729_2803619809698188_4071636143433580544_o.png\" alt=\"\" width=\"678\" height=\"960\" \/><\/a><a href=\"https:\/\/szulokhaza.hu\/gyor\/wp-content\/uploads\/2020\/02\/20200118.png\"><img class=\"aligncenter size-large wp-image-6403\" src=\"https:\/\/szulokhaza.hu\/gyor\/wp-content\/uploads\/2020\/02\/20200118-724x1024.png\" alt=\"\" width=\"724\" height=\"1024\" \/><\/a><a href=\"https:\/\/szulokhaza.hu\/gyor\/wp-content\/uploads\/2020\/02\/pet\u0151-ferenc-p\u00e1ly\u00e1zati-tan\u00e1csd\u00f3.png\"><img class=\"aligncenter size-large wp-image-6409\" src=\"https:\/\/szulokhaza.hu\/gyor\/wp-content\/uploads\/2020\/02\/pet\u0151-ferenc-p\u00e1ly\u00e1zati-tan\u00e1csd\u00f3-724x1024.png\" alt=\"\" width=\"724\" height=\"1024\" \/><\/a><\/p>","_et_gb_content_width":"","footnotes":""},"class_list":["post-6085","page","type-page","status-publish","hentry"],"_links":{"self":[{"href":"https:\/\/szulokhaza.hu\/gyor\/wp-json\/wp\/v2\/pages\/6085","targetHints":{"allow":["GET"]}}],"collection":[{"href":"https:\/\/szulokhaza.hu\/gyor\/wp-json\/wp\/v2\/pages"}],"about":[{"href":"https:\/\/szulokhaza.hu\/gyor\/wp-json\/wp\/v2\/types\/page"}],"author":[{"embeddable":true,"href":"https:\/\/szulokhaza.hu\/gyor\/wp-json\/wp\/v2\/users\/2602"}],"replies":[{"embeddable":true,"href":"https:\/\/szulokhaza.hu\/gyor\/wp-json\/wp\/v2\/comments?post=6085"}],"version-history":[{"count":25,"href":"https:\/\/szulokhaza.hu\/gyor\/wp-json\/wp\/v2\/pages\/6085\/revisions"}],"predecessor-version":[{"id":6532,"href":"https:\/\/szulokhaza.hu\/gyor\/wp-json\/wp\/v2\/pages\/6085\/revisions\/6532"}],"up":[{"embeddable":true,"href":"https:\/\/szulokhaza.hu\/gyor\/wp-json\/wp\/v2\/pages\/6013"}],"wp:attachment":[{"href":"https:\/\/szulokhaza.hu\/gyor\/wp-json\/wp\/v2\/media?parent=6085"}],"curies":[{"name":"wp","href":"https:\/\/api.w.org\/{rel}","templated":true}]}}