{"id":215584,"date":"2022-06-14T16:18:01","date_gmt":"2022-06-14T14:18:01","guid":{"rendered":"https:\/\/szulokhaza.hu\/kelenvolgy\/?page_id=215584"},"modified":"2024-04-12T14:40:08","modified_gmt":"2024-04-12T12:40:08","slug":"szuletesnapi-party","status":"publish","type":"page","link":"https:\/\/szulokhaza.hu\/kelenvolgy\/szuletesnapi-party\/","title":{"rendered":"Sz\u00fclet\u00e9snapi Party"},"content":{"rendered":"<p>[et_pb_section fb_built=&#8221;1&#8243; _builder_version=&#8221;4.17.4&#8243; _module_preset=&#8221;default&#8221; global_colors_info=&#8221;{}&#8221;][et_pb_row use_custom_gutter=&#8221;on&#8221; gutter_width=&#8221;1&#8243; _builder_version=&#8221;4.17.4&#8243; _module_preset=&#8221;default&#8221; max_width=&#8221;1355px&#8221; module_alignment=&#8221;center&#8221; global_colors_info=&#8221;{}&#8221;][et_pb_column type=&#8221;4_4&#8243; _builder_version=&#8221;4.17.4&#8243; _module_preset=&#8221;default&#8221; global_colors_info=&#8221;{}&#8221;][et_pb_text _builder_version=&#8221;4.17.4&#8243; _module_preset=&#8221;default&#8221; text_text_color=&#8221;#f69e0f&#8221; text_font_size=&#8221;24px&#8221; text_letter_spacing=&#8221;3px&#8221; header_text_color=&#8221;#f69e0f&#8221; header_font_size=&#8221;42px&#8221; header_letter_spacing=&#8221;3px&#8221; module_alignment=&#8221;center&#8221; global_colors_info=&#8221;{}&#8221;]<\/p>\n<h1 style=\"text-align: center;\">Sz\u00fclinapi party<\/h1>\n<p>[\/et_pb_text][\/et_pb_column][\/et_pb_row][et_pb_row column_structure=&#8221;2_5,3_5&#8243; use_custom_gutter=&#8221;on&#8221; gutter_width=&#8221;1&#8243; _builder_version=&#8221;4.17.4&#8243; _module_preset=&#8221;default&#8221; max_width=&#8221;1355px&#8221; module_alignment=&#8221;center&#8221; global_colors_info=&#8221;{}&#8221;][et_pb_column type=&#8221;2_5&#8243; _builder_version=&#8221;4.17.4&#8243; _module_preset=&#8221;default&#8221; global_colors_info=&#8221;{}&#8221;][et_pb_image src=&#8221;https:\/\/szulokhaza.hu\/kelenvolgy\/wp-content\/uploads\/2022\/06\/2.png&#8221; alt=&#8221;Sz\u00fclinapi party&#8221; title_text=&#8221;Sz\u00fclinapi party&#8221; align=&#8221;center&#8221; force_fullwidth=&#8221;on&#8221; _builder_version=&#8221;4.17.4&#8243; _module_preset=&#8221;1fe9715c-ca0e-43a7-bda6-ebcc36adf16d&#8221; custom_margin=&#8221;|308px||||&#8221; custom_padding=&#8221;|12px||||&#8221; global_colors_info=&#8221;{}&#8221;][\/et_pb_image][et_pb_image src=&#8221;https:\/\/szulokhaza.hu\/kelenvolgy\/wp-content\/uploads\/2022\/06\/szulinapi-party.png&#8221; title_text=&#8221;szulinapi-party&#8221; align=&#8221;center&#8221; force_fullwidth=&#8221;on&#8221; _builder_version=&#8221;4.17.4&#8243; _module_preset=&#8221;1fe9715c-ca0e-43a7-bda6-ebcc36adf16d&#8221; custom_margin=&#8221;145px|||||&#8221; custom_padding=&#8221;|10px||||&#8221; global_colors_info=&#8221;{}&#8221;][\/et_pb_image][\/et_pb_column][et_pb_column type=&#8221;3_5&#8243; _builder_version=&#8221;4.17.4&#8243; _module_preset=&#8221;default&#8221; global_colors_info=&#8221;{}&#8221;][et_pb_text _builder_version=&#8221;4.24.3&#8243; _module_preset=&#8221;default&#8221; header_text_color=&#8221;#f69e0f&#8221; header_3_text_color=&#8221;#f69e0f&#8221; header_4_text_color=&#8221;#f69e0f&#8221; text_orientation=&#8221;center&#8221; hover_enabled=&#8221;0&#8243; global_colors_info=&#8221;{}&#8221; sticky_enabled=&#8221;0&#8243;]<\/p>\n<h3 style=\"text-align: left;\">Tartsd gyermeked sz\u00fclinapi bulij\u00e1t a Sz\u00fcl\u0151k H\u00e1z\u00e1ban!<\/h3>\n<p style=\"text-align: left;\">Ha szeretn\u00e9d, mi beszerezz\u00fck a tort\u00e1t, a nasikat \u00e9s az innival\u00f3t, de hozhatod Te is.<br \/>\u00d6r\u00f6mmel gondoskodunk a gyerekek sz\u00f3rakoztat\u00e1s\u00e1r\u00f3l.<br \/>N\u00e1lunk a gyerk\u0151c\u00f6k kedv\u00fckre tombolhatnak, nem kopog \u00e1t a szomsz\u00e9d n\u00e9ni!<br \/>Nem Neked kell takar\u00edtanod a buli el\u0151tt \u00e9s ut\u00e1na sem.<\/p>\n<p style=\"text-align: left;\">\n<h3 style=\"text-align: left;\">\u00a0A sz\u00fclinapi ALAPCSOMAG tartalma<\/h3>\n<p style=\"text-align: left;\">\u2013 a Sz\u00fcl\u0151k H\u00e1za K\u00f6zpont haszn\u00e1lata 2 \u00f3r\u00e1s id\u0151tartamra maximum 15 gyermek r\u00e9sz\u00e9re<br \/>\u2013 2 szintes csal\u00e1di h\u00e1z kerti j\u00e1t\u00e9kokkal<br \/>\u2013 1 f\u0151 h\u00e1ziasszony<br \/>\u2013 ter\u00edt\u00e9k (t\u00e1ny\u00e9r, poh\u00e1r, villa, szalv\u00e9ta)<\/p>\n<p style=\"text-align: left;\"><strong>A sz\u00fclinapi alapcsomag \u00e1ra 2 \u00f3ra b\u00e9rl\u00e9s eset\u00e9n: 40.000 Ft<\/strong><br \/>Hosszabb\u00edt\u00e1s lehets\u00e9ges: 10.000 Ft \/ 30 perc<\/p>\n<p style=\"text-align: left;\">\n<h3 style=\"text-align: left;\">A sz\u00fclinapi ZS\u00daR CSOMAG tartalma<\/h3>\n<p style=\"text-align: left;\">\u2013 16 szeletes sz\u00fclinapi torta<br \/>\u2013 s\u00f3s \u00e9s \u00e9des ropogtatnival\u00f3k<br \/>\u2013 innival\u00f3 (sz\u00f6rp, tea, v\u00edz)<br \/>\u2013 sz\u00fclinapi teremd\u00edsz\u00edt\u00e9s<\/p>\n<p style=\"text-align: left;\"><strong>A zs\u00farcsomag \u00e1ra 2 \u00f3ra b\u00e9rl\u00e9s eset\u00e9n: 40.000 Ft, amely az alapcsomag \u00e1r\u00e1n fel\u00fcl fizetend\u0151!<\/strong><br \/>Minden tov\u00e1bbi megkezdett \u00f3ra: 5.000 Ft<\/p>\n<p style=\"text-align: left;\">\n<h3 style=\"text-align: left;\">V\u00e1laszthat\u00f3 \u00e9lm\u00e9nyprogramok:<\/h3>\n<p style=\"text-align: left;\"><strong>Arcfest\u00e9s:<\/strong> 22.000 Ft \/ csoport \/ \u00f3ra<\/p>\n<p style=\"text-align: left;\"><strong>Csill\u00e1mtetov\u00e1l\u00e1s:<\/strong> 17.500 Ft \/ 30 perc<\/p>\n<p style=\"text-align: left;\"><strong>Lufihajtogat\u00e1s:<\/strong> 17.500 Ft \/ 30 perc<\/p>\n<p style=\"text-align: left;\"><strong>Pap\u00edrsz\u00ednh\u00e1z + k\u00e9zm\u0171ves foglalkoz\u00e1s (2*30 perc): <\/strong>23.000 Ft \/ csoport<\/p>\n<p style=\"text-align: left;\"><strong>Kreat\u00edv csoportos j\u00e1t\u00e9k anim\u00e1tor vezet\u00e9s\u00e9vel: <\/strong>21.500 Ft \/ csoport \/ \u00f3ra<\/p>\n<p style=\"text-align: left;\">Anim\u00e1torunk k\u00f6zrem\u0171k\u00f6d\u00e9s\u00e9vel k\u00f6z\u00f6s ir\u00e1ny\u00edtott csoportos j\u00e1t\u00e9kok, \u00fcgyess\u00e9gi vet\u00e9lked\u0151k<\/p>\n<p style=\"text-align: left;\"><strong>Kreat\u00edv alkot\u00f3 foglalkoz\u00e1s: <\/strong>23.500 Ft \/ csoport \/ \u00f3ra<\/p>\n<p style=\"text-align: left;\">Anim\u00e1torunk k\u00f6zrem\u0171k\u00f6d\u00e9s\u00e9vel k\u00f6z\u00f6s k\u00e9zm\u0171vesked\u00e9s<\/p>\n<p style=\"text-align: left;\"><strong>A j\u00e1t\u00e9kokat, programokat a gyerekek kor\u00e1nak megfelel\u0151en \u00e1ll\u00edtjuk \u00f6ssze.\u00a0<\/strong><\/p>\n<p style=\"text-align: left;\">\n<h3 style=\"text-align: left;\">Egyedi tematikus sz\u00fclet\u00e9snapok<\/h3>\n<p style=\"text-align: left;\">Tervezd meg gyermeked egyedi sz\u00fclet\u00e9snapi partyj\u00e1t, besz\u00e9lj\u00fck meg, hogy mit szeretn\u00e9l!<br \/>A sz\u00fclinapos kedvenc mes\u00e9j\u00e9hez kapcsol\u00f3d\u00f3 vid\u00e1m sz\u00fclinapi buli anim\u00e1torunk vezet\u00e9s\u00e9vel.<br \/>T\u00e9m\u00e1k: Mancs \u0151rj\u00e1rat, J\u00e9gvar\u00e1zs, Szuperh\u0151s\u00f6k, Unikornis &#8211;\u00a0Ig\u00e9ny szerint el\u0151re egyeztetve m\u00e1s tematika is k\u00e9rhet\u0151.<\/p>\n<p style=\"text-align: left;\">K\u00e9rj egyedi \u00e1raj\u00e1nlatot!<\/p>\n<h3 style=\"text-align: left;\">\u00a0<\/h3>\n<p style=\"text-align: left;\"><strong>Id\u0151pontfoglal\u00e1s: A sz\u00fclinapra id\u0151pontot a helysz\u00ednen 15.000 Ft foglal\u00f3 ellen\u00e9ben lehet foglalni.<\/strong><\/p>\n<p style=\"text-align: left;\">Az \u00e1rak brutt\u00f3 \u00e1rak.<\/p>\n<p style=\"text-align: left;\">A sz\u00fclet\u00e9snapok ideje alatt gyermekfel\u00fcgyeletet nem v\u00e1llalunk!<\/p>\n<p>[\/et_pb_text][\/et_pb_column][\/et_pb_row][et_pb_row _builder_version=&#8221;4.17.4&#8243; _module_preset=&#8221;default&#8221; global_colors_info=&#8221;{}&#8221;][et_pb_column type=&#8221;4_4&#8243; _builder_version=&#8221;4.17.4&#8243; _module_preset=&#8221;default&#8221; global_colors_info=&#8221;{}&#8221;][et_pb_button button_url=&#8221;https:\/\/szulokhaza.hu\/ujbuda\/jelentkezes\/&#8221; url_new_window=&#8221;on&#8221; button_text=&#8221;JELENTKEZ\u00c9S&#8221; button_alignment=&#8221;center&#8221; _builder_version=&#8221;4.17.4&#8243; _module_preset=&#8221;default&#8221; custom_button=&#8221;on&#8221; button_bg_color=&#8221;#ff2037&#8243; button_border_color=&#8221;#ff2037&#8243; button_letter_spacing=&#8221;3px&#8221; button_icon=&#8221;&#x49;||divi||400&#8243; button_icon_color=&#8221;#FFFFFF&#8221; global_colors_info=&#8221;{}&#8221;][\/et_pb_button][\/et_pb_column][\/et_pb_row][\/et_pb_section]<\/p>\n","protected":false},"excerpt":{"rendered":"<p>Sz\u00fclinapi partyTartsd gyermeked sz\u00fclinapi bulij\u00e1t a Sz\u00fcl\u0151k H\u00e1z\u00e1ban! Ha szeretn\u00e9d, mi beszerezz\u00fck a tort\u00e1t, a nasikat \u00e9s az innival\u00f3t, de hozhatod Te is.\u00d6r\u00f6mmel gondoskodunk a gyerekek sz\u00f3rakoztat\u00e1s\u00e1r\u00f3l.N\u00e1lunk a gyerk\u0151c\u00f6k kedv\u00fckre tombolhatnak, nem kopog \u00e1t a szomsz\u00e9d n\u00e9ni!Nem Neked kell takar\u00edtanod a buli el\u0151tt \u00e9s ut\u00e1na sem. \u00a0A sz\u00fclinapi ALAPCSOMAG tartalma \u2013 a Sz\u00fcl\u0151k H\u00e1za K\u00f6zpont [&hellip;]<\/p>\n","protected":false},"author":7,"featured_media":0,"parent":0,"menu_order":0,"comment_status":"closed","ping_status":"closed","template":"","meta":{"_seopress_robots_primary_cat":"","_seopress_titles_title":"","_seopress_titles_desc":"","_seopress_robots_index":"","_et_pb_use_builder":"on","_et_pb_old_content":"","_et_gb_content_width":"","footnotes":""},"class_list":["post-215584","page","type-page","status-publish","hentry"],"_links":{"self":[{"href":"https:\/\/szulokhaza.hu\/kelenvolgy\/wp-json\/wp\/v2\/pages\/215584","targetHints":{"allow":["GET"]}}],"collection":[{"href":"https:\/\/szulokhaza.hu\/kelenvolgy\/wp-json\/wp\/v2\/pages"}],"about":[{"href":"https:\/\/szulokhaza.hu\/kelenvolgy\/wp-json\/wp\/v2\/types\/page"}],"author":[{"embeddable":true,"href":"https:\/\/szulokhaza.hu\/kelenvolgy\/wp-json\/wp\/v2\/users\/7"}],"replies":[{"embeddable":true,"href":"https:\/\/szulokhaza.hu\/kelenvolgy\/wp-json\/wp\/v2\/comments?post=215584"}],"version-history":[{"count":9,"href":"https:\/\/szulokhaza.hu\/kelenvolgy\/wp-json\/wp\/v2\/pages\/215584\/revisions"}],"predecessor-version":[{"id":228283,"href":"https:\/\/szulokhaza.hu\/kelenvolgy\/wp-json\/wp\/v2\/pages\/215584\/revisions\/228283"}],"wp:attachment":[{"href":"https:\/\/szulokhaza.hu\/kelenvolgy\/wp-json\/wp\/v2\/media?parent=215584"}],"curies":[{"name":"wp","href":"https:\/\/api.w.org\/{rel}","templated":true}]}}