{"id":215586,"date":"2022-06-14T16:18:06","date_gmt":"2022-06-14T14:18:06","guid":{"rendered":"https:\/\/szulokhaza.hu\/kelenvolgy\/?page_id=215586"},"modified":"2022-07-07T10:14:54","modified_gmt":"2022-07-07T08:14:54","slug":"pizsiparty","status":"publish","type":"page","link":"https:\/\/szulokhaza.hu\/kelenvolgy\/pizsiparty\/","title":{"rendered":"PizsiParty"},"content":{"rendered":"<p>[et_pb_section fb_built=&#8221;1&#8243; _builder_version=&#8221;4.17.4&#8243; _module_preset=&#8221;default&#8221; global_colors_info=&#8221;{}&#8221;][et_pb_row _builder_version=&#8221;4.17.4&#8243; _module_preset=&#8221;default&#8221; max_width=&#8221;1355px&#8221; global_colors_info=&#8221;{}&#8221;][et_pb_column type=&#8221;4_4&#8243; _builder_version=&#8221;4.17.4&#8243; _module_preset=&#8221;default&#8221; global_colors_info=&#8221;{}&#8221;][et_pb_text _builder_version=&#8221;4.17.4&#8243; _module_preset=&#8221;default&#8221; text_text_color=&#8221;#f69e0f&#8221; text_font_size=&#8221;18px&#8221; text_letter_spacing=&#8221;6px&#8221; header_text_color=&#8221;#f69e0f&#8221; global_colors_info=&#8221;{}&#8221;]<\/p>\n<h1 style=\"text-align: center;\">Pizsiparty<\/h1>\n<p>[\/et_pb_text][\/et_pb_column][\/et_pb_row][et_pb_row column_structure=&#8221;1_3,2_3&#8243; _builder_version=&#8221;4.17.4&#8243; _module_preset=&#8221;default&#8221; module_alignment=&#8221;center&#8221; global_colors_info=&#8221;{}&#8221;][et_pb_column type=&#8221;1_3&#8243; _builder_version=&#8221;4.17.4&#8243; _module_preset=&#8221;default&#8221; global_colors_info=&#8221;{}&#8221;][et_pb_image src=&#8221;https:\/\/szulokhaza.hu\/kelenvolgy\/wp-content\/uploads\/2022\/06\/Pizsiparty1.png&#8221; alt=&#8221;Pizsiparty&#8221; title_text=&#8221;Pizsiparty&#8221; align=&#8221;center&#8221; _builder_version=&#8221;4.17.4&#8243; _module_preset=&#8221;1f1a4b3e-f099-48ef-994f-8dd3a9e331b5&#8243; hover_enabled=&#8221;0&#8243; global_colors_info=&#8221;{}&#8221; force_fullwidth=&#8221;on&#8221; sticky_enabled=&#8221;0&#8243;][\/et_pb_image][\/et_pb_column][et_pb_column type=&#8221;2_3&#8243; _builder_version=&#8221;4.17.4&#8243; _module_preset=&#8221;default&#8221; global_colors_info=&#8221;{}&#8221;][et_pb_text _builder_version=&#8221;4.17.4&#8243; _module_preset=&#8221;default&#8221; header_4_text_color=&#8221;#f69e0f&#8221; width=&#8221;100%&#8221; custom_margin=&#8221;|||-33px||&#8221; custom_padding=&#8221;|||0px||&#8221; hover_enabled=&#8221;0&#8243; global_colors_info=&#8221;{}&#8221; sticky_enabled=&#8221;0&#8243; header_4_letter_spacing=&#8221;5px&#8221; header_4_font_size=&#8221;20px&#8221;]<\/p>\n<p>\u00a0 \u00a0Mindenkinek sz\u00fcks\u00e9ge van egy kis szabadid\u0151re, a sz\u00fcl\u0151k is meg\u00e9rdemelnek n\u00e9mi \u00e9nid\u0151t\u2026romantik\u00e1t\u2026.<br \/>Most lehet\u0151s\u00e9g van egy p\u00e9ntek est\u00e9t elt\u00f6lteni a gyerekek n\u00e9lk\u00fcl! P\u00e9ntek d\u00e9lut\u00e1n 16.00 \u00e9s szombat d\u00e9l k\u00f6z\u00f6tt b\u00edzza a gyereket r\u00e1nk!<\/p>\n<h4>A pizsiparty programja<\/h4>\n<p><strong>\u00a0 \u00a0 \u00a0 \u00a01. nap<\/strong><br \/>\u00a0 \u00a0 \u00a016:00 -17:00<span class=\"Apple-converted-space\">\u00a0 \u00a0<\/span>\u00e9rkez\u00e9s<br \/>\u00a0 \u00a0 \u00a017:00-18:00\u00a0 \u00a0j\u00e1tsz\u00f3t\u00e9r<br \/>\u00a0 \u00a0 \u00a018:00-19:00\u00a0 mosakod\u00e1s, zuhanyz\u00e1s<br \/>\u00a0 \u00a0 \u00a019:00\u00a0 \u00a0 \u00a0 \u00a0 \u00a0 \u00a0 \u00a0 vacsora<br \/>\u00a0 \u00a0 \u00a019:30-20:00 kuck\u00f3 \u00e9p\u00edt\u00e9s<br \/>\u00a0 \u00a0 \u00a020:00 mozi:\u00a0 k\u00f6zben titkos nasik :), k\u00f6z\u00f6s j\u00e1t\u00e9k<br \/>\u00a0 \u00a0 \u00a021:30\u00a0 \u00a0 \u00a0 \u00a0 \u00a0 \u00a0 \u00a0 fogmos\u00e1s \u00e9s alv\u00e1sra hangol\u00f3d\u00e1s<br \/>\u00a0 \u00a0 \u00a022:00\u00a0 \u00a0 \u00a0 \u00a0 \u00a0 \u00a0 \u00a0alv\u00e1s<\/p>\n<p><strong>\u00a0 \u00a0 \u00a0 \u00a02. nap<\/strong><br \/>\u00a0 \u00a0 \u00a08.00-ig\u00a0 \u00a0 \u00a0 \u00a0 \u00a0\u00e9bredez\u00e9s<br \/>\u00a0 \u00a0 \u00a08:00\u00a0 \u00a0 \u00a0 \u00a0 \u00a0 \u00a0 \u00a0reggeli<br \/>\u00a0 \u00a0 \u00a08:45\u00a0 \u00a0 \u00a0 \u00a0 \u00a0 \u00a0 \u00a0mosd\u00e1s \u00e9s \u00e1t\u00f6lt\u00f6z\u00e9s<br \/>\u00a0 \u00a0 \u00a09:00\u00a0 \u00a0 \u00a0 \u00a0 \u00a0 \u00a0 \u00a0k\u00e9zm\u0171vesked\u00e9s<br \/>\u00a0 \u00a0 \u00a010:00\u00a0 \u00a0 \u00a0 \u00a0 \u00a0 \u00a0tiz\u00f3rai majd j\u00e1tsz\u00f3t\u00e9r<br \/>\u00a0 \u00a0 \u00a011:30-12:00 hazaad\u00e1s<\/p>\n<p><strong>\u00c1ra:<\/strong>\u00a0 brutt\u00f3 21.900 Ft \/ gyermek<br \/><strong>Testv\u00e9rkedvezm\u00e9ny: 10%<\/strong><\/p>\n<p>Az \u00e1r tartalmazza az \u00e9teleket, italokat \u00e9s a k\u00e9zm\u0171ves foglalkoz\u00e1s sor\u00e1n haszn\u00e1lt anyagokat. Az elk\u00e9sz\u00edtett alkot\u00e1sokat hazavihetik a gyerekek.<\/p>\n<p><strong>Minimum korhat\u00e1r: 5 \u00e9v<\/strong><\/p>\n<p>[\/et_pb_text][\/et_pb_column][\/et_pb_row][et_pb_row _builder_version=&#8221;4.17.4&#8243; _module_preset=&#8221;default&#8221; global_colors_info=&#8221;{}&#8221;][et_pb_column type=&#8221;4_4&#8243; _builder_version=&#8221;4.17.4&#8243; _module_preset=&#8221;default&#8221; global_colors_info=&#8221;{}&#8221;][et_pb_button button_url=&#8221;https:\/\/szulokhaza.hu\/ujbuda\/jelentkezes\/&#8221; url_new_window=&#8221;on&#8221; button_text=&#8221;JELENTKEZ\u00c9S&#8221; button_alignment=&#8221;center&#8221; _builder_version=&#8221;4.17.4&#8243; _module_preset=&#8221;default&#8221; custom_button=&#8221;on&#8221; button_bg_color=&#8221;#ff2037&#8243; button_icon=&#8221;&#x49;||divi||400&#8243; global_colors_info=&#8221;{}&#8221;][\/et_pb_button][\/et_pb_column][\/et_pb_row][\/et_pb_section]<\/p>\n","protected":false},"excerpt":{"rendered":"<p>Pizsiparty\u00a0 \u00a0Mindenkinek sz\u00fcks\u00e9ge van egy kis szabadid\u0151re, a sz\u00fcl\u0151k is meg\u00e9rdemelnek n\u00e9mi \u00e9nid\u0151t\u2026romantik\u00e1t\u2026.Most lehet\u0151s\u00e9g van egy p\u00e9ntek est\u00e9t elt\u00f6lteni a gyerekek n\u00e9lk\u00fcl! P\u00e9ntek d\u00e9lut\u00e1n 16.00 \u00e9s szombat d\u00e9l k\u00f6z\u00f6tt b\u00edzza a gyereket r\u00e1nk! A pizsiparty programja \u00a0 \u00a0 \u00a0 \u00a01. nap\u00a0 \u00a0 \u00a016:00 -17:00\u00a0 \u00a0\u00e9rkez\u00e9s\u00a0 \u00a0 \u00a017:00-18:00\u00a0 \u00a0j\u00e1tsz\u00f3t\u00e9r\u00a0 \u00a0 \u00a018:00-19:00\u00a0 mosakod\u00e1s, zuhanyz\u00e1s\u00a0 \u00a0 \u00a019:00\u00a0 \u00a0 [&hellip;]<\/p>\n","protected":false},"author":7,"featured_media":0,"parent":0,"menu_order":0,"comment_status":"closed","ping_status":"closed","template":"","meta":{"_seopress_robots_primary_cat":"","_seopress_titles_title":"","_seopress_titles_desc":"","_seopress_robots_index":"","_et_pb_use_builder":"on","_et_pb_old_content":"","_et_gb_content_width":"","footnotes":""},"class_list":["post-215586","page","type-page","status-publish","hentry"],"_links":{"self":[{"href":"https:\/\/szulokhaza.hu\/kelenvolgy\/wp-json\/wp\/v2\/pages\/215586","targetHints":{"allow":["GET"]}}],"collection":[{"href":"https:\/\/szulokhaza.hu\/kelenvolgy\/wp-json\/wp\/v2\/pages"}],"about":[{"href":"https:\/\/szulokhaza.hu\/kelenvolgy\/wp-json\/wp\/v2\/types\/page"}],"author":[{"embeddable":true,"href":"https:\/\/szulokhaza.hu\/kelenvolgy\/wp-json\/wp\/v2\/users\/7"}],"replies":[{"embeddable":true,"href":"https:\/\/szulokhaza.hu\/kelenvolgy\/wp-json\/wp\/v2\/comments?post=215586"}],"version-history":[{"count":6,"href":"https:\/\/szulokhaza.hu\/kelenvolgy\/wp-json\/wp\/v2\/pages\/215586\/revisions"}],"predecessor-version":[{"id":215747,"href":"https:\/\/szulokhaza.hu\/kelenvolgy\/wp-json\/wp\/v2\/pages\/215586\/revisions\/215747"}],"wp:attachment":[{"href":"https:\/\/szulokhaza.hu\/kelenvolgy\/wp-json\/wp\/v2\/media?parent=215586"}],"curies":[{"name":"wp","href":"https:\/\/api.w.org\/{rel}","templated":true}]}}