{"id":216239,"date":"2023-04-20T22:22:56","date_gmt":"2023-04-20T20:22:56","guid":{"rendered":"https:\/\/szulokhaza.hu\/kelenvolgy\/?page_id=216239"},"modified":"2024-02-13T12:56:58","modified_gmt":"2024-02-13T11:56:58","slug":"arak","status":"publish","type":"page","link":"https:\/\/szulokhaza.hu\/kelenvolgy\/arak\/","title":{"rendered":"\u00c1rak"},"content":{"rendered":"<p>[et_pb_section][et_pb_row][et_pb_column type=&#8221;4_4&#8243;][et_pb_text]<\/p>\n<ul>\n<li>eg\u00e9sz napi ell\u00e1t\u00e1s heti 3 napra 8-17 \u00f3r\u00e1ig: brutt\u00f3 77.000 Ft\/h\u00f3 + \u00e9tkez\u00e9s<\/li>\n<li>eg\u00e9sz napi ell\u00e1t\u00e1s heti 5 napra 8-17 \u00f3r\u00e1ig: brutt\u00f3 111.000 Ft\/h\u00f3 + \u00e9tkez\u00e9s<\/li>\n<li>f\u00e9l napi ell\u00e1t\u00e1s heti 5 napra (napi 4 \u00f3ra): brutt\u00f3 86.000 Ft\/h\u00f3 + \u00e9tkez\u00e9s<\/li>\n<\/ul>\n<p>&nbsp;<\/p>\n<h2>\u00c9TKEZ\u00c9S<\/h2>\n<ul>\n<li>eg\u00e9sz napos ell\u00e1t\u00e1s eset\u00e9n: napi 4x \u00e9tkez\u00e9s (reggeli+t\u00edz\u00f3rai+eb\u00e9d+uzsonna): brutt\u00f3 2200 Ft \/ nap f\u00e9l<\/li>\n<li>napi ell\u00e1t\u00e1s eset\u00e9n napi 3x \u00e9tkez\u00e9s (reggeli+t\u00edz\u00f3rai+eb\u00e9d): brutt\u00f3 2000 Ft \/ nap<\/li>\n<\/ul>\n<p>&nbsp;<\/p>\n<h2>Foglalkoz\u00e1sok \/ fejleszt\u00e9s<\/h2>\n<ul>\n<li>Heti 5 nap: brutt\u00f3 61.950 Ft<\/li>\n<li>Heti 3 nap: brutt\u00f3 55.900 Ft<\/li>\n<\/ul>\n<p>[\/et_pb_text][\/et_pb_column][\/et_pb_row][\/et_pb_section]<\/p>\n","protected":false},"excerpt":{"rendered":"<p><div class=\"et_pb_section et_pb_section_0 et_section_regular\" >\n\t\t\t\t\n\t\t\t\t\n\t\t\t\t\n\t\t\t\t\n\t\t\t\t\n\t\t\t\t\n\t\t\t\t\n\t\t\t\t\n\t\t\t\t\n\t\t\t<\/div><div class=\"et_pb_row et_pb_row_0 et_pb_row_empty\">\n\t\t\t\t\n\t\t\t\t\n\t\t\t\t\n\t\t\t\t\n\t\t\t\t\n\t\t\t<\/div><div class=\"et_pb_module et_pb_text et_pb_text_0  et_pb_text_align_left et_pb_bg_layout_light\">\n\t\t\t\t\n\t\t\t\t\n\t\t\t\t\n\t\t\t\t\n\t\t\t\t\n\t\t\t<\/div> eg\u00e9sz napi ell\u00e1t\u00e1s heti 3 napra 8-17 \u00f3r\u00e1ig: brutt\u00f3 77.000 Ft\/h\u00f3 + \u00e9tkez\u00e9s eg\u00e9sz napi ell\u00e1t\u00e1s heti 5 napra 8-17 \u00f3r\u00e1ig: brutt\u00f3 111.000 Ft\/h\u00f3 + \u00e9tkez\u00e9s f\u00e9l napi ell\u00e1t\u00e1s heti 5 napra (napi 4 \u00f3ra): brutt\u00f3 86.000 Ft\/h\u00f3 + \u00e9tkez\u00e9s &nbsp; \u00c9TKEZ\u00c9S eg\u00e9sz napos ell\u00e1t\u00e1s eset\u00e9n: napi 4x \u00e9tkez\u00e9s (reggeli+t\u00edz\u00f3rai+eb\u00e9d+uzsonna): brutt\u00f3 2200 Ft \/ [&hellip;]<\/p>\n","protected":false},"author":8,"featured_media":0,"parent":0,"menu_order":0,"comment_status":"closed","ping_status":"closed","template":"","meta":{"_seopress_robots_primary_cat":"","_seopress_titles_title":"","_seopress_titles_desc":"","_seopress_robots_index":"","_et_pb_use_builder":"on","_et_pb_old_content":"<ul><li>eg\u00e9sz napi ell\u00e1t\u00e1s heti 3 napra 8-17 \u00f3r\u00e1ig: brutt\u00f3 77.000 Ft\/h\u00f3 + \u00e9tkez\u00e9s<\/li><li>eg\u00e9sz napi ell\u00e1t\u00e1s heti 5 napra 8-17 \u00f3r\u00e1ig: brutt\u00f3 111.000 Ft\/h\u00f3 + \u00e9tkez\u00e9s<\/li><li>f\u00e9l napi ell\u00e1t\u00e1s heti 5 napra (napi 4 \u00f3ra): brutt\u00f3 86.000 Ft\/h\u00f3 + \u00e9tkez\u00e9s<\/li><\/ul><p>\u00a0<\/p><h2>\u00c9TKEZ\u00c9S<\/h2><ul><li>eg\u00e9sz napos ell\u00e1t\u00e1s eset\u00e9n: napi 4x \u00e9tkez\u00e9s (reggeli+t\u00edz\u00f3rai+eb\u00e9d+uzsonna): brutt\u00f3 2200 Ft \/ nap f\u00e9l<\/li><li>napi ell\u00e1t\u00e1s eset\u00e9n napi 3x \u00e9tkez\u00e9s (reggeli+t\u00edz\u00f3rai+eb\u00e9d): brutt\u00f3 2000 Ft \/ nap<\/li><\/ul><p>\u00a0<\/p><h2>Foglalkoz\u00e1sok \/ fejleszt\u00e9s<\/h2><ul><li>Heti 5 nap: brutt\u00f3 61.950 Ft<\/li><li>Heti 3 nap: brutt\u00f3 55.900 Ft<\/li><\/ul>","_et_gb_content_width":"","footnotes":""},"class_list":["post-216239","page","type-page","status-publish","hentry"],"_links":{"self":[{"href":"https:\/\/szulokhaza.hu\/kelenvolgy\/wp-json\/wp\/v2\/pages\/216239","targetHints":{"allow":["GET"]}}],"collection":[{"href":"https:\/\/szulokhaza.hu\/kelenvolgy\/wp-json\/wp\/v2\/pages"}],"about":[{"href":"https:\/\/szulokhaza.hu\/kelenvolgy\/wp-json\/wp\/v2\/types\/page"}],"author":[{"embeddable":true,"href":"https:\/\/szulokhaza.hu\/kelenvolgy\/wp-json\/wp\/v2\/users\/8"}],"replies":[{"embeddable":true,"href":"https:\/\/szulokhaza.hu\/kelenvolgy\/wp-json\/wp\/v2\/comments?post=216239"}],"version-history":[{"count":10,"href":"https:\/\/szulokhaza.hu\/kelenvolgy\/wp-json\/wp\/v2\/pages\/216239\/revisions"}],"predecessor-version":[{"id":228236,"href":"https:\/\/szulokhaza.hu\/kelenvolgy\/wp-json\/wp\/v2\/pages\/216239\/revisions\/228236"}],"wp:attachment":[{"href":"https:\/\/szulokhaza.hu\/kelenvolgy\/wp-json\/wp\/v2\/media?parent=216239"}],"curies":[{"name":"wp","href":"https:\/\/api.w.org\/{rel}","templated":true}]}}